{"id":10464,"date":"2023-03-02T09:23:41","date_gmt":"2023-03-02T02:23:41","guid":{"rendered":"https:\/\/dichthuataau.com\/?page_id=10464"},"modified":"2023-03-02T14:59:37","modified_gmt":"2023-03-02T07:59:37","slug":"khuyen-mai","status":"publish","type":"page","link":"https:\/\/dichthuataau.com\/en\/khuyen-mai\/","title":{"rendered":"Khuy\u1ebfn m\u00e3i \u0111\u1eb7c bi\u1ec7t"},"content":{"rendered":"<div data-elementor-type=\"wp-page\" data-elementor-id=\"10464\" class=\"elementor elementor-10464\">\n\t\t\t\t\t\t\t\t\t<section data-particle_enable=\"false\" data-particle-mobile-disabled=\"false\" class=\"elementor-section elementor-top-section elementor-element elementor-element-e94b2c6 elementor-section-stretched jnj-light-color elementor-section-boxed elementor-section-height-default elementor-section-height-default\" data-id=\"e94b2c6\" data-element_type=\"section\" data-settings=\"{&quot;stretch_section&quot;:&quot;section-stretched&quot;}\">\n\t\t\t\t\t\t<div class=\"elementor-container elementor-column-gap-no\">\n\t\t\t\t\t<div class=\"elementor-column elementor-col-50 elementor-top-column elementor-element elementor-element-8e11381 jnj-transparent-color\" data-id=\"8e11381\" data-element_type=\"column\">\n\t\t\t<div class=\"elementor-widget-wrap elementor-element-populated\">\n\t\t\t\t\t\t\t\t<div class=\"elementor-element elementor-element-31a4a6a elementor-widget elementor-widget-jnj-heading\" data-id=\"31a4a6a\" data-element_type=\"widget\" data-widget_type=\"jnj-heading.default\">\n\t\t\t\t<div class=\"elementor-widget-container\">\n\t\t\t\r\n<div class=\"jnj-heading-item-1 jnj-elementor text-align-left\">         <h3 class=\"jnj-heading-title dark-color\">\"\u01afu \u0111\u00e3i k\u00e9p\" si\u00eau h\u1ea5p d\u1eabn<\/h3>         <div class=\"jnj-heading-content color-default\">\r\n            <p>Nh\u00e2n d\u1ecbp tu\u1ea7n l\u1ec5 08\/03, ngo\u00e0i ch\u01b0\u01a1ng tr\u00ecnh khuy\u1ebfn m\u00e3i GI\u1ea2M 10% ph\u00ed D\u1ecbch thu\u1eadt, D\u1ecbch thu\u1eadt \u00c1 \u00c2u xin g\u1eedi \u0111\u1ebfn Qu\u00fd kh\u00e1ch h\u00e0ng \u201c\u01afU \u0110\u00c3I K\u00c9P\u201d si\u00eau h\u1ea5p d\u1eabn nh\u01b0 sau:<\/p><ul><li>Gi\u1ea3m th\u00eam <strong>50,000 VND<\/strong> =&gt; \u0110\u01a1n h\u00e0ng t\u1eeb <strong>490,000VND<\/strong><\/li><li>Gi\u1ea3m th\u00eam <strong>100,000 VND<\/strong> =&gt; \u0110\u01a1n h\u00e0ng t\u1eeb <strong>990,000VND<\/strong><\/li><li>Gi\u1ea3m th\u00eam <strong>300,000 VND<\/strong> =&gt; \u0110\u01a1n h\u00e0ng t\u1eeb <strong>2,900,000VND<\/strong><\/li><li>Gi\u1ea3m th\u00eam <strong>500,000 VND<\/strong> =&gt; \u0110\u01a1n h\u00e0ng t\u1eeb <strong>4,900,000VND<\/strong><\/li><li>Gi\u1ea3m th\u00eam <strong>1,000,000 VND<\/strong> =&gt; \u0110\u01a1n h\u00e0ng t\u1eeb <strong>9,000,000VND<\/strong><\/li><li>Gi\u1ea3m th\u00eam <strong>3,000,000 VND<\/strong> =&gt; \u0110\u01a1n h\u00e0ng t\u1eeb <strong>29,000,000VND<\/strong><\/li><li>Gi\u1ea3m th\u00eam <strong>5,000,000 VND<\/strong> =&gt; \u0110\u01a1n h\u00e0ng t\u1eeb <strong>49,000,000VND<\/strong><\/li><\/ul>        <\/div>     \r\n\r\n<\/div> \t\t<\/div>\n\t\t\t\t<\/div>\n\t\t\t\t<div class=\"elementor-element elementor-element-2e064af elementor-widget elementor-widget-text-editor\" data-id=\"2e064af\" data-element_type=\"widget\" data-widget_type=\"text-editor.default\">\n\t\t\t\t<div class=\"elementor-widget-container\">\n\t\t\t<style>\/*! elementor - v3.11.2 - 22-02-2023 *\/\n.elementor-widget-text-editor.elementor-drop-cap-view-stacked .elementor-drop-cap{background-color:#818a91;color:#fff}.elementor-widget-text-editor.elementor-drop-cap-view-framed .elementor-drop-cap{color:#818a91;border:3px solid;background-color:transparent}.elementor-widget-text-editor:not(.elementor-drop-cap-view-default) .elementor-drop-cap{margin-top:8px}.elementor-widget-text-editor:not(.elementor-drop-cap-view-default) .elementor-drop-cap-letter{width:1em;height:1em}.elementor-widget-text-editor .elementor-drop-cap{float:left;text-align:center;line-height:1;font-size:50px}.elementor-widget-text-editor .elementor-drop-cap-letter{display:inline-block}<\/style>\t\t\t\tCh\u01b0\u01a1ng tr\u00ecnh \u01b0u \u0111\u00e3i n\u00e0y \u0111\u01b0\u1ee3c \u00e1p d\u1ee5ng cho t\u1ea5t c\u1ea3 c\u00e1c kh\u00e1ch h\u00e0ng giao d\u1ecbch t\u1ea1i D\u1ecbch thu\u1eadt \u00c1 \u00c2u <strong>t\u1eeb ng\u00e0y 25\/02\/2023 \u0111\u1ebfn h\u1ebft ng\u00e0y 08\/03\/2023.<\/strong>\t\t\t\t\t\t<\/div>\n\t\t\t\t<\/div>\n\t\t\t\t<div class=\"elementor-element elementor-element-977a249 elementor-widget elementor-widget-text-editor\" data-id=\"977a249\" data-element_type=\"widget\" data-widget_type=\"text-editor.default\">\n\t\t\t\t<div class=\"elementor-widget-container\">\n\t\t\t\t\t\t\t<p><strong>TR\u00c2N TR\u1eccNG C\u1ea2M \u01a0N QU\u00dd KH\u00c1CH H\u00c0NG \u0110\u00c3 TIN T\u01af\u1edeNG V\u00c0 S\u1eec D\u1ee4NG D\u1ecaCH V\u1ee4 C\u1ee6A D\u1ecaCH THU\u1eacT \u00c1 \u00c2U!<\/strong><\/p>\t\t\t\t\t\t<\/div>\n\t\t\t\t<\/div>\n\t\t\t\t\t<\/div>\n\t\t<\/div>\n\t\t\t\t<div class=\"elementor-column elementor-col-50 elementor-top-column elementor-element elementor-element-b77636d jnj-transparent-color\" data-id=\"b77636d\" data-element_type=\"column\">\n\t\t\t<div class=\"elementor-widget-wrap elementor-element-populated\">\n\t\t\t\t\t\t\t\t<div class=\"elementor-element elementor-element-7b4fc88 elementor-widget elementor-widget-jnj-heading\" data-id=\"7b4fc88\" data-element_type=\"widget\" data-widget_type=\"jnj-heading.default\">\n\t\t\t\t<div class=\"elementor-widget-container\">\n\t\t\t\r\n<div class=\"jnj-heading-item-1 jnj-elementor text-align-left\">         <h3 class=\"jnj-heading-title dark-color\">Leave The Following Information<\/h3>         <div class=\"jnj-heading-content color-default\">\r\n            <p>Our support team receives the information and will get back to you shortly.<\/p>        <\/div>     \r\n\r\n<\/div> \t\t<\/div>\n\t\t\t\t<\/div>\n\t\t\t\t<div class=\"elementor-element elementor-element-82e6269 fluentform-widget-submit-button-full-width fluent-form-widget-step-header-yes fluent-form-widget-step-progressbar-yes elementor-widget elementor-widget-fluent-form-widget\" data-id=\"82e6269\" data-element_type=\"widget\" data-widget_type=\"fluent-form-widget.default\">\n\t\t\t\t<div class=\"elementor-widget-container\">\n\t\t\t\n            <div class=\"fluentform-widget-wrapper hide-fluent-form-labels fluentform-widget-align-default\">\n\n            \n            <div class='fluentform fluentform_wrapper_3'><form data-form_id=\"3\" id=\"fluentform_3\" class=\"frm-fluent-form fluent_form_3 ff-el-form-top ff_form_instance_3_1 ff-form-loading\" data-form_instance=\"ff_form_instance_3_1\" method=\"POST\" action=\"\" ><p style=\"display: none !important;\"><label>&#916;<textarea name=\"ak_hp_textarea\" cols=\"45\" rows=\"8\" maxlength=\"100\"><\/textarea><\/label><input type=\"hidden\" id=\"ak_js_1\" name=\"ak_js\" value=\"49\"\/><script>document.getElementById( \"ak_js_1\" ).setAttribute( \"value\", ( new Date() ).getTime() );<\/script><\/p><input type='hidden' name='__fluent_form_embded_post_id' value='10464' \/><input type=\"hidden\" id=\"_fluentform_3_fluentformnonce\" name=\"_fluentform_3_fluentformnonce\" value=\"301e3736d5\" \/><input type=\"hidden\" name=\"_wp_http_referer\" value=\"\/en\/wp-json\/wp\/v2\/pages\/10464\" \/><div class='ff-el-group'><div class='ff-el-input--label ff-el-is-required asterisk-right'><label for='ff_3_input_text'>Full name<\/label> <\/div><div class='ff-el-input--content'><input type=\"text\" name=\"input_text\" class=\"ff-el-form-control\" placeholder=\"Full name\" data-name=\"input_text\" id=\"ff_3_input_text\" ><\/div><\/div><div class='ff-el-group'><div class='ff-el-input--label ff-el-is-required asterisk-right'><label for='ff_3_email'>Email<\/label> <\/div><div class='ff-el-input--content'><input type=\"email\" name=\"email\" id=\"ff_3_email\" class=\"ff-el-form-control\" placeholder=\"Email\" data-name=\"email\" ><\/div><\/div><div class='ff-el-group'><div class='ff-el-input--label ff-el-is-required asterisk-right'><label for='ff_3_phone'>Phone number<\/label> <\/div><div class='ff-el-input--content'><input name=\"phone\" class=\"ff-el-form-control ff-el-phone\" type=\"tel\" placeholder=\"Phone number\" data-name=\"phone\" id=\"ff_3_phone\" inputmode=\"tel\" ><\/div><\/div><div class='ff-el-group'><div class='ff-el-input--label asterisk-right'><label for='ff_3_dropdown'>Original language<\/label> <\/div><div class='ff-el-input--content'><select name=\"dropdown\" id=\"ff_3_dropdown\" class=\"ff-el-form-control\" data-name=\"dropdown\" data-calc_value=\"0\" ><option value=\"\">Original language<\/option><option value=\"Ti\u1ebfng \u1ea2 R\u1eadp\"  >Arabic<\/option><option value=\"Ti\u1ebfng Anh\"  >English<\/option><option value=\"Ti\u1ebfng Armenia\"  >Armenian<\/option><option value=\"Ti\u1ebfng \u1ea4n \u0110\u1ed9\"  >Indian language<\/option><option value=\"Ti\u1ebfng Ba Lan\"  >Polish language<\/option><option value=\"Ti\u1ebfng Ba T\u01b0\"  >Persian<\/option><option value=\"Ti\u1ebfng Banladesh\"  >Bangladeshi language<\/option><option value=\"Ti\u1ebfng Bosnia\"  >Bosnian<\/option><option value=\"Ti\u1ebfng B\u1ed3 \u0110\u00e0o Nha\"  >Portuguese<\/option><option value=\"Ti\u1ebfng Bulgaria\"  >Bulgarian<\/option><option value=\"Ti\u1ebfng Campuchia\"  >Cambodian<\/option><option value=\"Ti\u1ebfng Croatia\"  >Croatian<\/option><option value=\"Ti\u1ebfng Do Th\u00e1i\"  >Hebrew<\/option><option value=\"Ti\u1ebfng \u0110an M\u1ea1ch\"  >Danish<\/option><option value=\"Ti\u1ebfng \u0110\u1ee9c\"  >German<\/option><option value=\"Ti\u1ebfng Estonia\"  >Estonian<\/option><option value=\"Ti\u1ebfng H\u00e0 Lan\"  >Dutch<\/option><option value=\"Ti\u1ebfng H\u00e0n\"  >Korean<\/option><option value=\"Ti\u1ebfng Hungary\"  >Hungarian<\/option><option value=\"Ti\u1ebfng Hy L\u1ea1p\"  >The Greek language<\/option><option value=\"Ti\u1ebfng Indonesia\"  >Indonesian language<\/option><option value=\"Ti\u1ebfng Kazakh\"  >Kazakh<\/option><option value=\"Ti\u1ebfng La Tinh\"  >Latin<\/option><option value=\"Ti\u1ebfng L\u00e0o\"  >Laos<\/option><option value=\"Ti\u1ebfng Latvia\"  >Latvian<\/option><option value=\"Ti\u1ebfng Malaysia\"  >Malaysian<\/option><option value=\"Ti\u1ebfng Moldova\"  >Moldovan language<\/option><option value=\"Ti\u1ebfng M\u00f4ng C\u1ed5\"  >Kalmuck<\/option><option value=\"Ti\u1ebfng Myanmar\"  >Myanmar language<\/option><option value=\"Ti\u1ebfng Na Uy\"  >Norwegian<\/option><option value=\"Ti\u1ebfng Nepal\"  >Nepali<\/option><option value=\"Ti\u1ebfng Nga\"  >Russian<\/option><option value=\"Ti\u1ebfng Nh\u1eadt\"  >Japanese<\/option><option value=\"Ti\u1ebfng Ph\u00e1p\"  >French<\/option><option value=\"Ti\u1ebfng Philippine\"  >Filipino<\/option><option value=\"Ti\u1ebfng Romania\"  >Romanian<\/option><option value=\"Ti\u1ebfng S\u00e9c\"  >Czech<\/option><option value=\"Ti\u1ebfng Serbia\"  >Serbian<\/option><option value=\"Ti\u1ebfng T\u00e2y Ban Nha\"  >Spanish<\/option><option value=\"Ti\u1ebfng Th\u00e1i Lan\"  >Thai<\/option><option value=\"Ti\u1ebfng Th\u1ed5 Nh\u0129 K\u1ef3\"  >Turkish<\/option><option value=\"Ti\u1ebfng Th\u1ee5y \u0110i\u1ec3n\"  >Swedish<\/option><option value=\"Ti\u1ebfng Trung\"  >Chinese<\/option><option value=\"Ti\u1ebfng Ukraina\"  >Ukrainian<\/option><option value=\"Ti\u1ebfng Vi\u1ec7t\"  >Vietnamese<\/option><option value=\"Ti\u1ebfng \u00dd\"  >Italian<\/option><option value=\"C\u00e1c lo\u1ea1i Ti\u1ebfng kh\u00e1c\"  >Other Languages<\/option><\/select><\/div><\/div><div class='ff-el-group'><div class='ff-el-input--label asterisk-right'><label for='ff_3_dropdown_1'>Translation language<\/label> <\/div><div class='ff-el-input--content'><select name=\"dropdown_1\" id=\"ff_3_dropdown_1\" class=\"ff-el-form-control\" data-name=\"dropdown_1\" data-calc_value=\"0\" ><option value=\"\">Translation language<\/option><option value=\"Ti\u1ebfng \u1ea2 R\u1eadp\"  >Arabic<\/option><option value=\"Ti\u1ebfng Anh\"  >English<\/option><option value=\"Ti\u1ebfng Armenia\"  >Armenian<\/option><option value=\"Ti\u1ebfng \u1ea4n \u0110\u1ed9\"  >Indian language<\/option><option value=\"Ti\u1ebfng Ba Lan\"  >Polish language<\/option><option value=\"Ti\u1ebfng Ba T\u01b0\"  >Persian<\/option><option value=\"Ti\u1ebfng Banladesh\"  >Bangladeshi language<\/option><option value=\"Ti\u1ebfng Bosnia\"  >Bosnian<\/option><option value=\"Ti\u1ebfng B\u1ed3 \u0110\u00e0o Nha\"  >Portuguese<\/option><option value=\"Ti\u1ebfng Bulgaria\"  >Bulgarian<\/option><option value=\"Ti\u1ebfng Campuchia\"  >Cambodian<\/option><option value=\"Ti\u1ebfng Croatia\"  >Croatian<\/option><option value=\"Ti\u1ebfng Do Th\u00e1i\"  >Hebrew<\/option><option value=\"Ti\u1ebfng \u0110an M\u1ea1ch\"  >Danish<\/option><option value=\"Ti\u1ebfng \u0110\u1ee9c\"  >German<\/option><option value=\"Ti\u1ebfng Estonia\"  >Estonian<\/option><option value=\"Ti\u1ebfng H\u00e0 Lan\"  >Dutch<\/option><option value=\"Ti\u1ebfng H\u00e0n\"  >Korean<\/option><option value=\"Ti\u1ebfng Hungary\"  >Hungarian<\/option><option value=\"Ti\u1ebfng Hy L\u1ea1p\"  >The Greek language<\/option><option value=\"Ti\u1ebfng Indonesia\"  >Indonesian language<\/option><option value=\"Ti\u1ebfng Kazakh\"  >Kazakh<\/option><option value=\"Ti\u1ebfng La Tinh\"  >Latin<\/option><option value=\"Ti\u1ebfng L\u00e0o\"  >Laos<\/option><option value=\"Ti\u1ebfng Latvia\"  >Latvian<\/option><option value=\"Ti\u1ebfng Malaysia\"  >Malaysian<\/option><option value=\"Ti\u1ebfng Moldova\"  >Moldovan language<\/option><option value=\"Ti\u1ebfng M\u00f4ng C\u1ed5\"  >Kalmuck<\/option><option value=\"Ti\u1ebfng Myanmar\"  >Myanmar language<\/option><option value=\"Ti\u1ebfng Na Uy\"  >Norwegian<\/option><option value=\"Ti\u1ebfng Nepal\"  >Nepali<\/option><option value=\"Ti\u1ebfng Nga\"  >Russian<\/option><option value=\"Ti\u1ebfng Nh\u1eadt\"  >Japanese<\/option><option value=\"Ti\u1ebfng Ph\u00e1p\"  >French<\/option><option value=\"Ti\u1ebfng Philippine\"  >Filipino<\/option><option value=\"Ti\u1ebfng Romania\"  >Romanian<\/option><option value=\"Ti\u1ebfng S\u00e9c\"  >Czech<\/option><option value=\"Ti\u1ebfng Serbia\"  >Serbian<\/option><option value=\"Ti\u1ebfng T\u00e2y Ban Nha\"  >Spanish<\/option><option value=\"Ti\u1ebfng Th\u00e1i Lan\"  >Thai<\/option><option value=\"Ti\u1ebfng Th\u1ed5 Nh\u0129 K\u1ef3\"  >Turkish<\/option><option value=\"Ti\u1ebfng Th\u1ee5y \u0110i\u1ec3n\"  >Swedish<\/option><option value=\"Ti\u1ebfng Trung\"  >Chinese<\/option><option value=\"Ti\u1ebfng Ukraina\"  >Ukrainian<\/option><option value=\"Ti\u1ebfng Vi\u1ec7t\"  >Vietnamese<\/option><option value=\"Ti\u1ebfng \u00dd\"  >Italian<\/option><option value=\"C\u00e1c lo\u1ea1i Ti\u1ebfng kh\u00e1c\"  >Other Languages<\/option><\/select><\/div><\/div><div class='ff-el-group'><div class='ff-el-input--label asterisk-right'><label for='ff_3_file-upload_1'>Send content files<\/label> <\/div><div class='ff-el-input--content'><label for='ff_3_file-upload_1' class='ff_file_upload_holder'><span class='ff_upload_btn ff-btn'>Select file<\/span> <input type=\"file\" name=\"file-upload\" id=\"ff_3_file-upload_1\" class=\"ff-el-form-control  ff-screen-reader-element\" data-name=\"file-upload\" multiple=\"1\" ><\/label><\/div><\/div><div class='ff-el-group ff-text-left ff_submit_btn_wrapper'><button type=\"submit\" class=\"ff-btn ff-btn-submit ff-btn-lg ff_btn_style\" >Get a free quote<\/button><\/div><input type=\"hidden\" name=\"trp-form-language\" value=\"en\"\/><\/form><div id='fluentform_3_errors' class='ff-errors-in-stack ff_form_instance_3_1 ff-form-loading_errors ff_form_instance_3_1_errors'><\/div><\/div>        <script type=\"text\/javascript\">\n            window.fluent_form_ff_form_instance_3_1 = {\"id\":\"3\",\"settings\":{\"layout\":{\"labelPlacement\":\"top\",\"helpMessagePlacement\":\"with_label\",\"errorMessagePlacement\":\"inline\",\"cssClassName\":\"\",\"asteriskPlacement\":\"asterisk-right\"},\"restrictions\":{\"denyEmptySubmission\":{\"enabled\":false}}},\"form_instance\":\"ff_form_instance_3_1\",\"form_id_selector\":\"fluentform_3\",\"rules\":{\"input_text\":{\"required\":{\"value\":true,\"message\":\"Tr\\u01b0\\u1eddng b\\u1eaft bu\\u1ed9c\"}},\"email\":{\"required\":{\"value\":true,\"message\":\"Tr\\u01b0\\u1eddng b\\u1eaft bu\\u1ed9c\"},\"email\":{\"value\":true,\"message\":\"This field must contain a valid email\"}},\"phone\":{\"required\":{\"value\":true,\"message\":\"This field is required\"},\"valid_phone_number\":{\"value\":false,\"message\":\"Phone number is not valid\"}},\"dropdown\":{\"required\":{\"value\":false,\"message\":\"Tr\\u01b0\\u1eddng b\\u1eaft bu\\u1ed9c\"}},\"dropdown_1\":{\"required\":{\"value\":false,\"message\":\"Tr\\u01b0\\u1eddng b\\u1eaft bu\\u1ed9c\"}},\"file-upload\":{\"required\":{\"value\":false,\"message\":\"This field is required\"},\"max_file_size\":{\"value\":1073741824,\"_valueFrom\":\"MB\",\"message\":\"Maximum file size limit is 1024MB\"},\"max_file_count\":{\"value\":\"100\",\"message\":\"B\\u1ea1n c\\u00f3 th\\u1ec3 t\\u1ea3i l\\u00ean t\\u1ed1i \\u0111a 100 t\\u1ec7p\"},\"allowed_file_types\":{\"value\":[\"jpg|jpeg|gif|png|bmp\",\"mp3|wav|ogg|oga|wma|mka|m4a|ra|mid|midi|mpga\",\"avi|divx|flv|mov|ogv|mkv|mp4|m4v|divx|mpg|mpeg|mpe|video\\\/quicktime|qt\",\"pdf\",\"doc|ppt|pps|xls|mdb|docx|xlsx|pptx|odt|odp|ods|odg|odc|odb|odf|rtf|txt\",\"zip|gz|gzip|rar|7z\",\"exe\",\"csv\"],\"message\":\"Lo\\u1ea1i t\\u1ec7p kh\\u00f4ng h\\u1ee3p l\\u1ec7\"}}}};\n                    <\/script>\n                    <\/div>\n\n            \t\t<\/div>\n\t\t\t\t<\/div>\n\t\t\t\t\t<\/div>\n\t\t<\/div>\n\t\t\t\t\t\t\t<\/div>\n\t\t<\/section>\n\t\t\t\t\t\t\t<\/div>","protected":false},"excerpt":{"rendered":"<p>&#8220;\u01afu \u0111\u00e3i k\u00e9p&#8221; si\u00eau h\u1ea5p d\u1eabn Nh\u00e2n d\u1ecbp tu\u1ea7n l\u1ec5 08\/03, ngo\u00e0i ch\u01b0\u01a1ng tr\u00ecnh khuy\u1ebfn m\u00e3i GI\u1ea2M 10% ph\u00ed D\u1ecbch thu\u1eadt, D\u1ecbch thu\u1eadt \u00c1 \u00c2u xin g\u1eedi \u0111\u1ebfn Qu\u00fd kh\u00e1ch h\u00e0ng \u201c\u01afU \u0110\u00c3I K\u00c9P\u201d si\u00eau h\u1ea5p d\u1eabn nh\u01b0 sau: Gi\u1ea3m th\u00eam 50,000 VND =&gt; \u0110\u01a1n h\u00e0ng t\u1eeb 490,000VND Gi\u1ea3m th\u00eam 100,000 VND =&gt; \u0110\u01a1n h\u00e0ng [&hellip;]<\/p>","protected":false},"author":1,"featured_media":0,"parent":0,"menu_order":0,"comment_status":"closed","ping_status":"closed","template":"","meta":{"footnotes":""},"class_list":["post-10464","page","type-page","status-publish","hentry"],"yoast_head":"<!-- This site is optimized with the Yoast SEO Premium plugin v19.3 (Yoast SEO v25.1) - https:\/\/yoast.com\/wordpress\/plugins\/seo\/ -->\n<title>Khuy\u1ebfn m\u00e3i \u0111\u1eb7c bi\u1ec7t - D\u1ecbch thu\u1eadt \u00c1 \u00c2u<\/title>\n<meta name=\"robots\" content=\"index, follow, max-snippet:-1, max-image-preview:large, max-video-preview:-1\" \/>\n<link rel=\"canonical\" href=\"https:\/\/dichthuataau.com\/en\/khuyen-mai\/\" \/>\n<meta property=\"og:locale\" content=\"en_US\" \/>\n<meta property=\"og:type\" content=\"article\" \/>\n<meta property=\"og:title\" content=\"Khuy\u1ebfn m\u00e3i \u0111\u1eb7c bi\u1ec7t\" \/>\n<meta property=\"og:description\" content=\"&#8220;\u01afu \u0111\u00e3i k\u00e9p&#8221; si\u00eau h\u1ea5p d\u1eabn Nh\u00e2n d\u1ecbp tu\u1ea7n l\u1ec5 08\/03, ngo\u00e0i ch\u01b0\u01a1ng tr\u00ecnh khuy\u1ebfn m\u00e3i GI\u1ea2M 10% ph\u00ed D\u1ecbch thu\u1eadt, D\u1ecbch thu\u1eadt \u00c1 \u00c2u xin g\u1eedi \u0111\u1ebfn Qu\u00fd kh\u00e1ch h\u00e0ng \u201c\u01afU \u0110\u00c3I K\u00c9P\u201d si\u00eau h\u1ea5p d\u1eabn nh\u01b0 sau: Gi\u1ea3m th\u00eam 50,000 VND =&gt; \u0110\u01a1n h\u00e0ng t\u1eeb 490,000VND Gi\u1ea3m th\u00eam 100,000 VND =&gt; \u0110\u01a1n h\u00e0ng [&hellip;]\" \/>\n<meta property=\"og:url\" content=\"https:\/\/dichthuataau.com\/en\/khuyen-mai\/\" \/>\n<meta property=\"og:site_name\" content=\"D\u1ecbch thu\u1eadt \u00c1 \u00c2u\" \/>\n<meta property=\"article:modified_time\" content=\"2023-03-02T07:59:37+00:00\" \/>\n<meta name=\"twitter:card\" content=\"summary_large_image\" \/>\n<meta name=\"twitter:label1\" content=\"Est. reading time\" \/>\n\t<meta name=\"twitter:data1\" content=\"3 minutes\" \/>\n<script type=\"application\/ld+json\" class=\"yoast-schema-graph\">{\"@context\":\"https:\/\/schema.org\",\"@graph\":[{\"@type\":\"WebPage\",\"@id\":\"https:\/\/dichthuataau.com\/khuyen-mai\/\",\"url\":\"https:\/\/dichthuataau.com\/khuyen-mai\/\",\"name\":\"Khuy\u1ebfn m\u00e3i \u0111\u1eb7c bi\u1ec7t - D\u1ecbch thu\u1eadt \u00c1 \u00c2u\",\"isPartOf\":{\"@id\":\"https:\/\/dichthuataau.com\/#website\"},\"datePublished\":\"2023-03-02T02:23:41+00:00\",\"dateModified\":\"2023-03-02T07:59:37+00:00\",\"breadcrumb\":{\"@id\":\"https:\/\/dichthuataau.com\/khuyen-mai\/#breadcrumb\"},\"inLanguage\":\"en-US\",\"potentialAction\":[{\"@type\":\"ReadAction\",\"target\":[\"https:\/\/dichthuataau.com\/khuyen-mai\/\"]}]},{\"@type\":\"BreadcrumbList\",\"@id\":\"https:\/\/dichthuataau.com\/khuyen-mai\/#breadcrumb\",\"itemListElement\":[{\"@type\":\"ListItem\",\"position\":1,\"name\":\"Trang ch\u1ee7\",\"item\":\"https:\/\/dichthuataau.com\/\"},{\"@type\":\"ListItem\",\"position\":2,\"name\":\"Khuy\u1ebfn m\u00e3i \u0111\u1eb7c bi\u1ec7t\"}]},{\"@type\":\"WebSite\",\"@id\":\"https:\/\/dichthuataau.com\/#website\",\"url\":\"https:\/\/dichthuataau.com\/\",\"name\":\"D\u1ecbch thu\u1eadt \u00c1 \u00c2u\",\"description\":\"\",\"potentialAction\":[{\"@type\":\"SearchAction\",\"target\":{\"@type\":\"EntryPoint\",\"urlTemplate\":\"https:\/\/dichthuataau.com\/?s={search_term_string}\"},\"query-input\":{\"@type\":\"PropertyValueSpecification\",\"valueRequired\":true,\"valueName\":\"search_term_string\"}}],\"inLanguage\":\"en-US\"}]}<\/script>\n<!-- \/ Yoast SEO Premium plugin. -->","yoast_head_json":{"title":"Khuy\u1ebfn m\u00e3i \u0111\u1eb7c bi\u1ec7t - D\u1ecbch thu\u1eadt \u00c1 \u00c2u","robots":{"index":"index","follow":"follow","max-snippet":"max-snippet:-1","max-image-preview":"max-image-preview:large","max-video-preview":"max-video-preview:-1"},"canonical":"https:\/\/dichthuataau.com\/en\/khuyen-mai\/","og_locale":"en_US","og_type":"article","og_title":"Khuy\u1ebfn m\u00e3i \u0111\u1eb7c bi\u1ec7t","og_description":"&#8220;\u01afu \u0111\u00e3i k\u00e9p&#8221; si\u00eau h\u1ea5p d\u1eabn Nh\u00e2n d\u1ecbp tu\u1ea7n l\u1ec5 08\/03, ngo\u00e0i ch\u01b0\u01a1ng tr\u00ecnh khuy\u1ebfn m\u00e3i GI\u1ea2M 10% ph\u00ed D\u1ecbch thu\u1eadt, D\u1ecbch thu\u1eadt \u00c1 \u00c2u xin g\u1eedi \u0111\u1ebfn Qu\u00fd kh\u00e1ch h\u00e0ng \u201c\u01afU \u0110\u00c3I K\u00c9P\u201d si\u00eau h\u1ea5p d\u1eabn nh\u01b0 sau: Gi\u1ea3m th\u00eam 50,000 VND =&gt; \u0110\u01a1n h\u00e0ng t\u1eeb 490,000VND Gi\u1ea3m th\u00eam 100,000 VND =&gt; \u0110\u01a1n h\u00e0ng [&hellip;]","og_url":"https:\/\/dichthuataau.com\/en\/khuyen-mai\/","og_site_name":"D\u1ecbch thu\u1eadt \u00c1 \u00c2u","article_modified_time":"2023-03-02T07:59:37+00:00","twitter_card":"summary_large_image","twitter_misc":{"Est. reading time":"3 minutes"},"schema":{"@context":"https:\/\/schema.org","@graph":[{"@type":"WebPage","@id":"https:\/\/dichthuataau.com\/khuyen-mai\/","url":"https:\/\/dichthuataau.com\/khuyen-mai\/","name":"Khuy\u1ebfn m\u00e3i \u0111\u1eb7c bi\u1ec7t - D\u1ecbch thu\u1eadt \u00c1 \u00c2u","isPartOf":{"@id":"https:\/\/dichthuataau.com\/#website"},"datePublished":"2023-03-02T02:23:41+00:00","dateModified":"2023-03-02T07:59:37+00:00","breadcrumb":{"@id":"https:\/\/dichthuataau.com\/khuyen-mai\/#breadcrumb"},"inLanguage":"en-US","potentialAction":[{"@type":"ReadAction","target":["https:\/\/dichthuataau.com\/khuyen-mai\/"]}]},{"@type":"BreadcrumbList","@id":"https:\/\/dichthuataau.com\/khuyen-mai\/#breadcrumb","itemListElement":[{"@type":"ListItem","position":1,"name":"Trang ch\u1ee7","item":"https:\/\/dichthuataau.com\/"},{"@type":"ListItem","position":2,"name":"Khuy\u1ebfn m\u00e3i \u0111\u1eb7c bi\u1ec7t"}]},{"@type":"WebSite","@id":"https:\/\/dichthuataau.com\/#website","url":"https:\/\/dichthuataau.com\/","name":"D\u1ecbch thu\u1eadt \u00c1 \u00c2u","description":"","potentialAction":[{"@type":"SearchAction","target":{"@type":"EntryPoint","urlTemplate":"https:\/\/dichthuataau.com\/?s={search_term_string}"},"query-input":{"@type":"PropertyValueSpecification","valueRequired":true,"valueName":"search_term_string"}}],"inLanguage":"en-US"}]}},"_links":{"self":[{"href":"https:\/\/dichthuataau.com\/en\/wp-json\/wp\/v2\/pages\/10464","targetHints":{"allow":["GET"]}}],"collection":[{"href":"https:\/\/dichthuataau.com\/en\/wp-json\/wp\/v2\/pages"}],"about":[{"href":"https:\/\/dichthuataau.com\/en\/wp-json\/wp\/v2\/types\/page"}],"author":[{"embeddable":true,"href":"https:\/\/dichthuataau.com\/en\/wp-json\/wp\/v2\/users\/1"}],"replies":[{"embeddable":true,"href":"https:\/\/dichthuataau.com\/en\/wp-json\/wp\/v2\/comments?post=10464"}],"version-history":[{"count":60,"href":"https:\/\/dichthuataau.com\/en\/wp-json\/wp\/v2\/pages\/10464\/revisions"}],"predecessor-version":[{"id":10539,"href":"https:\/\/dichthuataau.com\/en\/wp-json\/wp\/v2\/pages\/10464\/revisions\/10539"}],"wp:attachment":[{"href":"https:\/\/dichthuataau.com\/en\/wp-json\/wp\/v2\/media?parent=10464"}],"curies":[{"name":"wp","href":"https:\/\/api.w.org\/{rel}","templated":true}]}}