{"id":1621,"date":"2021-08-09T16:32:14","date_gmt":"2021-08-09T16:32:14","guid":{"rendered":"https:\/\/jandjteams.com\/transpro\/?page_id=1621"},"modified":"2023-01-31T06:37:54","modified_gmt":"2023-01-31T06:37:54","slug":"dich-vu-dich-thuat","status":"publish","type":"page","link":"https:\/\/dichthuataau.com\/en\/dich-vu-dich-thuat\/","title":{"rendered":"Service"},"content":{"rendered":"<div data-elementor-type=\"wp-page\" data-elementor-id=\"1621\" class=\"elementor elementor-1621\">\n\t\t\t\t\t\t\t\t\t<section data-particle_enable=\"false\" data-particle-mobile-disabled=\"false\" class=\"elementor-section elementor-top-section elementor-element elementor-element-3bbd818 elementor-section-stretched jnj-light-color elementor-section-boxed elementor-section-height-default elementor-section-height-default\" data-id=\"3bbd818\" data-element_type=\"section\" data-settings=\"{&quot;stretch_section&quot;:&quot;section-stretched&quot;}\">\n\t\t\t\t\t\t\t<div class=\"elementor-background-overlay\"><\/div>\n\t\t\t\t\t\t\t<div class=\"elementor-container elementor-column-gap-no\">\n\t\t\t\t\t<div class=\"elementor-column elementor-col-100 elementor-top-column elementor-element elementor-element-9455f7b jnj-transparent-color\" data-id=\"9455f7b\" data-element_type=\"column\">\n\t\t\t<div class=\"elementor-widget-wrap elementor-element-populated\">\n\t\t\t\t\t\t\t\t<div class=\"elementor-element elementor-element-53659ff elementor-widget elementor-widget-services\" data-id=\"53659ff\" data-element_type=\"widget\" data-widget_type=\"services.default\">\n\t\t\t\t<div class=\"elementor-widget-container\">\n\t\t\t\r\n<div class=\"jnj-service-item-1\">\r\n\r\n    <div class=\"row\">                    <div class=\"col-lg-4 col-md-6 col-sm-12\"> \r\n    <div class=\"jnj-service-area\">\r\n        <div class=\"jnj-service-inner\">\r\n            <div class=\"jnj-service-icon\">\r\n                <i aria-hidden=\"true\" class=\"feature-icon mdi mdi-flaticon flaticon flaticon-computer\"><\/i>\r\n            <\/div>\r\n\r\n            <div class=\"jnj-service-heading\">                    <h3 class=\"jnj-service-title\">\r\n                        <a href=\"https:\/\/dichthuataau.com\/en\/chi-tiet-dich-vu\/dich-vu-dich-thuat-cong-chung-chuyen-nghiep-chuan-xac-nhat\/\" >\r\n                            Notarized translation                        <\/a>\r\n                    <\/h3>  \r\n\r\n            <\/div>\r\n\r\n            <div class=\"jnj-service-content\">\r\n                <p>Financial statements, bid documents, economic contracts, study abroad documents, visa applications, diplomas, academic records, household registration books, birth certificates, identity cards, certificates of use rights soil\u2026<\/p>\n            <\/div>\r\n        <\/div>\r\n    <\/div>     \r\n                <\/div>                     <div class=\"col-lg-4 col-md-6 col-sm-12\"> \r\n    <div class=\"jnj-service-area\">\r\n        <div class=\"jnj-service-inner\">\r\n            <div class=\"jnj-service-icon\">\r\n                <i aria-hidden=\"true\" class=\"feature-icon mdi mdi-flaticon flaticon flaticon-translate\"><\/i>\r\n            <\/div>\r\n\r\n            <div class=\"jnj-service-heading\">                    <h3 class=\"jnj-service-title\">\r\n                        <a href=\"https:\/\/dichthuataau.com\/en\/chi-tiet-dich-vu\/dich-vu-dich-tai-lieu-chuyen-nganh-chuyen-nghiep-nhat\/\" >\r\n                            Translating specialized documents                        <\/a>\r\n                    <\/h3>  \r\n\r\n            <\/div>\r\n\r\n            <div class=\"jnj-service-content\">\r\n                <p>Technical manuals, user manuals, technological process transfer records, research documents, biology, medicine, chemicals, graduation theses and many other papers...<\/p>\n            <\/div>\r\n        <\/div>\r\n    <\/div>     \r\n                <\/div>                     <div class=\"col-lg-4 col-md-6 col-sm-12\"> \r\n    <div class=\"jnj-service-area\">\r\n        <div class=\"jnj-service-inner\">\r\n            <div class=\"jnj-service-icon\">\r\n                <i aria-hidden=\"true\" class=\"feature-icon mdi mdi-flaticon flaticon flaticon-document\"><\/i>\r\n            <\/div>\r\n\r\n            <div class=\"jnj-service-heading\">                    <h3 class=\"jnj-service-title\">\r\n                        <a href=\"https:\/\/dichthuataau.com\/en\/chi-tiet-dich-vu\/dich-vu-phien-dich-chuyen-nghiep-chat-luong-hang-dau-thi-truong\/\" >\r\n                            Translation service                        <\/a>\r\n                    <\/h3>  \r\n\r\n            <\/div>\r\n\r\n            <div class=\"jnj-service-content\">\r\n                <p>Interpreting and interpreting services for seminars, cabins, escorts, meetings for individuals, businesses at home and abroad with competitive fees, professional services - prestige.<\/p>\n            <\/div>\r\n        <\/div>\r\n    <\/div>     \r\n                <\/div>                     <div class=\"col-lg-4 col-md-6 col-sm-12\"> \r\n    <div class=\"jnj-service-area\">\r\n        <div class=\"jnj-service-inner\">\r\n            <div class=\"jnj-service-icon\">\r\n                <i aria-hidden=\"true\" class=\"feature-icon mdi mdi-flaticon flaticon flaticon-government\"><\/i>\r\n            <\/div>\r\n\r\n            <div class=\"jnj-service-heading\">                    <h3 class=\"jnj-service-title\">\r\n                        <a href=\"https:\/\/dichthuataau.com\/en\/chi-tiet-dich-vu\/dich-vu-dich-thuat-video-phu-de-da-ngon-ngu-chuyen-nghiep-so-1\/\" >\r\n                            Video translation, subtitles                        <\/a>\r\n                    <\/h3>  \r\n\r\n            <\/div>\r\n\r\n            <div class=\"jnj-service-content\">\r\n                <p>Professional and reputable translation of subtitles, videos, movies, advertisements. Over 5000 trusted customers, help all customers around the world understand your content and ideas.<\/p>\n            <\/div>\r\n        <\/div>\r\n    <\/div>     \r\n                <\/div>                     <div class=\"col-lg-4 col-md-6 col-sm-12\"> \r\n    <div class=\"jnj-service-area\">\r\n        <div class=\"jnj-service-inner\">\r\n            <div class=\"jnj-service-icon\">\r\n                <i aria-hidden=\"true\" class=\"feature-icon mdi mdi-flaticon flaticon flaticon-medical-checkup\"><\/i>\r\n            <\/div>\r\n\r\n            <div class=\"jnj-service-heading\">                    <h3 class=\"jnj-service-title\">\r\n                        <a href=\"https:\/\/dichthuataau.com\/en\/chi-tiet-dich-vu\/dich-vu-hieu-dinh-ban-dich-tot-so-1-thi-truong-hien-nay\/\" >\r\n                            Proofreading translations                        <\/a>\r\n                    <\/h3>  \r\n\r\n            <\/div>\r\n\r\n            <div class=\"jnj-service-content\">\r\n                <p>Translation proofreading is an indispensable step to improve translation quality. Legal notarization proofreading service with competitive fee and professional service.<\/p>\n            <\/div>\r\n        <\/div>\r\n    <\/div>     \r\n                <\/div>                     <div class=\"col-lg-4 col-md-6 col-sm-12\"> \r\n    <div class=\"jnj-service-area\">\r\n        <div class=\"jnj-service-inner\">\r\n            <div class=\"jnj-service-icon\">\r\n                <i aria-hidden=\"true\" class=\"feature-icon mdi mdi-flaticon flaticon flaticon-personal-information\"><\/i>\r\n            <\/div>\r\n\r\n            <div class=\"jnj-service-heading\">                    <h3 class=\"jnj-service-title\">\r\n                        <a href=\"https:\/\/dichthuataau.com\/en\/chi-tiet-dich-vu\/dich-vu-hop-phap-hoa-lanh-su-tron-goi-gia-re-nhat-thi-truong\/\" >\r\n                            Consular authentication                        <\/a>\r\n                    <\/h3>  \r\n\r\n            <\/div>\r\n\r\n            <div class=\"jnj-service-content\">\r\n                <p>Legalization and consular certification of all kinds of documents and documents at all Embassies and Consulates<\/p>\n            <\/div>\r\n        <\/div>\r\n    <\/div>     \r\n                <\/div> \r\n    <\/div>\r\n<\/div>\r\n      <script>\r\n        jQuery(document).ready(function() {\r\n          \/*++++++++++++++++++++++++++++++++++++++++++++++++++++++++\r\n          jnj owlCarousel\r\n          +++++++++++++++++++++++++++++++++++++++++++++++++++++++++*\/\r\n          jQuery('.jnj-owl').each(function() { \r\n              var jnj_owl = jQuery('.jnj-owl');\r\n              if (jnj_owl.length) {        \r\n                  var $jnj_carousel = jQuery(this);\r\n                  $jnj_carousel.owlCarousel({\r\n                      loop: $jnj_carousel.data(\"loop\"),\r\n                      margin: $jnj_carousel.data(\"margin\"),\r\n                      nav: $jnj_carousel.data(\"nav\"),\r\n                      dots: $jnj_carousel.data(\"dots\"),\r\n                      autoplay: $jnj_carousel.data(\"autoplay\"),\r\n                      items: $jnj_carousel.data(\"items\"),\r\n                      autoplayTimeout: $jnj_carousel.data(\"autoplay-timeout\"),\r\n                      responsiveClass: true,\r\n                      navText: [\r\n                          \"<i aria-hidden='true' class='feature-icon mdi mdi-flaticon flaticon-back'><\/i>\",\r\n                          \"<i aria-hidden='true' class='feature-icon mdi mdi-flaticon flaticon-right-arrow'><\/i>\"\r\n                      ],\r\n                      responsive: {\r\n                          0: { items: $jnj_carousel.data(\"items-mobile-sm\") },\r\n                          414: { items: $jnj_carousel.data(\"items-mobile\") },\r\n                          520: { items: $jnj_carousel.data(\"items-mobile\") },\r\n                          767: { items: $jnj_carousel.data(\"items-tab\") },\r\n                          768: { items: $jnj_carousel.data(\"items-tab\") },\r\n                          1010: { items: $jnj_carousel.data(\"items-laptop\") },\r\n                          1200: { items: $jnj_carousel.data(\"items\") },\r\n                          1920: { items: $jnj_carousel.data(\"items\") }\r\n                      }\r\n                  });  \r\n              }          \r\n          });\r\n        });\r\n      <\/script> \t\t<\/div>\n\t\t\t\t<\/div>\n\t\t\t\t\t<\/div>\n\t\t<\/div>\n\t\t\t\t\t\t\t<\/div>\n\t\t<\/section>\n\t\t\t\t\t\t\t<\/div>","protected":false},"excerpt":{"rendered":"<p>D\u1ecbch thu\u1eadt c\u00f4ng ch\u1ee9ng B\u00e1o c\u00e1o t\u00e0i ch\u00ednh, h\u1ed3 s\u01a1 d\u1ef1 th\u1ea7u, h\u1ee3p \u0111\u1ed3ng kinh t\u1ebf, h\u1ed3 s\u01a1 du h\u1ecdc, h\u1ed3 s\u01a1 xin visa, b\u1eb1ng t\u1ed1t nghi\u1ec7p, h\u1ecdc b\u1ea1, s\u1ed5 h\u1ed9 kh\u1ea9u, gi\u1ea5y khai sinh, ch\u1ee9ng minh nh\u00e2n d\u00e2n, ch\u1ee9ng nh\u1eadn quy\u1ec1n s\u1eed d\u1ee5ng \u0111\u1ea5t&#8230; D\u1ecbch t\u00e0i li\u1ec7u chuy\u00ean ng\u00e0nh S\u1ed5 tay k\u1ef9 thu\u1eadt, h\u01b0\u1edbng [&hellip;]<\/p>","protected":false},"author":1,"featured_media":0,"parent":0,"menu_order":0,"comment_status":"closed","ping_status":"closed","template":"elementor_header_footer","meta":{"footnotes":""},"class_list":["post-1621","page","type-page","status-publish","hentry"],"yoast_head":"<!-- This site is optimized with the Yoast SEO Premium plugin v19.3 (Yoast SEO v25.1) - https:\/\/yoast.com\/wordpress\/plugins\/seo\/ -->\n<title>D\u1ecbch v\u1ee5 - D\u1ecbch thu\u1eadt \u00c1 \u00c2u<\/title>\n<meta name=\"robots\" content=\"index, follow, max-snippet:-1, max-image-preview:large, max-video-preview:-1\" \/>\n<link rel=\"canonical\" href=\"https:\/\/dichthuataau.com\/en\/dich-vu-dich-thuat\/\" \/>\n<meta property=\"og:locale\" content=\"en_US\" \/>\n<meta property=\"og:type\" content=\"article\" \/>\n<meta property=\"og:title\" content=\"D\u1ecbch v\u1ee5\" \/>\n<meta property=\"og:description\" content=\"D\u1ecbch thu\u1eadt c\u00f4ng ch\u1ee9ng B\u00e1o c\u00e1o t\u00e0i ch\u00ednh, h\u1ed3 s\u01a1 d\u1ef1 th\u1ea7u, h\u1ee3p \u0111\u1ed3ng kinh t\u1ebf, h\u1ed3 s\u01a1 du h\u1ecdc, h\u1ed3 s\u01a1 xin visa, b\u1eb1ng t\u1ed1t nghi\u1ec7p, h\u1ecdc b\u1ea1, s\u1ed5 h\u1ed9 kh\u1ea9u, gi\u1ea5y khai sinh, ch\u1ee9ng minh nh\u00e2n d\u00e2n, ch\u1ee9ng nh\u1eadn quy\u1ec1n s\u1eed d\u1ee5ng \u0111\u1ea5t&#8230; D\u1ecbch t\u00e0i li\u1ec7u chuy\u00ean ng\u00e0nh S\u1ed5 tay k\u1ef9 thu\u1eadt, h\u01b0\u1edbng [&hellip;]\" \/>\n<meta property=\"og:url\" content=\"https:\/\/dichthuataau.com\/en\/dich-vu-dich-thuat\/\" \/>\n<meta property=\"og:site_name\" content=\"D\u1ecbch thu\u1eadt \u00c1 \u00c2u\" \/>\n<meta property=\"article:modified_time\" content=\"2023-01-31T06:37:54+00:00\" \/>\n<meta name=\"twitter:card\" content=\"summary_large_image\" \/>\n<meta name=\"twitter:label1\" content=\"Est. reading time\" \/>\n\t<meta name=\"twitter:data1\" content=\"2 minutes\" \/>\n<script type=\"application\/ld+json\" class=\"yoast-schema-graph\">{\"@context\":\"https:\/\/schema.org\",\"@graph\":[{\"@type\":\"WebPage\",\"@id\":\"https:\/\/dichthuataau.com\/dich-vu-dich-thuat\/\",\"url\":\"https:\/\/dichthuataau.com\/dich-vu-dich-thuat\/\",\"name\":\"D\u1ecbch v\u1ee5 - D\u1ecbch thu\u1eadt \u00c1 \u00c2u\",\"isPartOf\":{\"@id\":\"https:\/\/dichthuataau.com\/#website\"},\"datePublished\":\"2021-08-09T16:32:14+00:00\",\"dateModified\":\"2023-01-31T06:37:54+00:00\",\"breadcrumb\":{\"@id\":\"https:\/\/dichthuataau.com\/dich-vu-dich-thuat\/#breadcrumb\"},\"inLanguage\":\"en-US\",\"potentialAction\":[{\"@type\":\"ReadAction\",\"target\":[\"https:\/\/dichthuataau.com\/dich-vu-dich-thuat\/\"]}]},{\"@type\":\"BreadcrumbList\",\"@id\":\"https:\/\/dichthuataau.com\/dich-vu-dich-thuat\/#breadcrumb\",\"itemListElement\":[{\"@type\":\"ListItem\",\"position\":1,\"name\":\"Trang ch\u1ee7\",\"item\":\"https:\/\/dichthuataau.com\/\"},{\"@type\":\"ListItem\",\"position\":2,\"name\":\"D\u1ecbch v\u1ee5\"}]},{\"@type\":\"WebSite\",\"@id\":\"https:\/\/dichthuataau.com\/#website\",\"url\":\"https:\/\/dichthuataau.com\/\",\"name\":\"D\u1ecbch thu\u1eadt \u00c1 \u00c2u\",\"description\":\"\",\"potentialAction\":[{\"@type\":\"SearchAction\",\"target\":{\"@type\":\"EntryPoint\",\"urlTemplate\":\"https:\/\/dichthuataau.com\/?s={search_term_string}\"},\"query-input\":{\"@type\":\"PropertyValueSpecification\",\"valueRequired\":true,\"valueName\":\"search_term_string\"}}],\"inLanguage\":\"en-US\"}]}<\/script>\n<!-- \/ Yoast SEO Premium plugin. -->","yoast_head_json":{"title":"D\u1ecbch v\u1ee5 - D\u1ecbch thu\u1eadt \u00c1 \u00c2u","robots":{"index":"index","follow":"follow","max-snippet":"max-snippet:-1","max-image-preview":"max-image-preview:large","max-video-preview":"max-video-preview:-1"},"canonical":"https:\/\/dichthuataau.com\/en\/dich-vu-dich-thuat\/","og_locale":"en_US","og_type":"article","og_title":"D\u1ecbch v\u1ee5","og_description":"D\u1ecbch thu\u1eadt c\u00f4ng ch\u1ee9ng B\u00e1o c\u00e1o t\u00e0i ch\u00ednh, h\u1ed3 s\u01a1 d\u1ef1 th\u1ea7u, h\u1ee3p \u0111\u1ed3ng kinh t\u1ebf, h\u1ed3 s\u01a1 du h\u1ecdc, h\u1ed3 s\u01a1 xin visa, b\u1eb1ng t\u1ed1t nghi\u1ec7p, h\u1ecdc b\u1ea1, s\u1ed5 h\u1ed9 kh\u1ea9u, gi\u1ea5y khai sinh, ch\u1ee9ng minh nh\u00e2n d\u00e2n, ch\u1ee9ng nh\u1eadn quy\u1ec1n s\u1eed d\u1ee5ng \u0111\u1ea5t&#8230; D\u1ecbch t\u00e0i li\u1ec7u chuy\u00ean ng\u00e0nh S\u1ed5 tay k\u1ef9 thu\u1eadt, h\u01b0\u1edbng [&hellip;]","og_url":"https:\/\/dichthuataau.com\/en\/dich-vu-dich-thuat\/","og_site_name":"D\u1ecbch thu\u1eadt \u00c1 \u00c2u","article_modified_time":"2023-01-31T06:37:54+00:00","twitter_card":"summary_large_image","twitter_misc":{"Est. reading time":"2 minutes"},"schema":{"@context":"https:\/\/schema.org","@graph":[{"@type":"WebPage","@id":"https:\/\/dichthuataau.com\/dich-vu-dich-thuat\/","url":"https:\/\/dichthuataau.com\/dich-vu-dich-thuat\/","name":"D\u1ecbch v\u1ee5 - D\u1ecbch thu\u1eadt \u00c1 \u00c2u","isPartOf":{"@id":"https:\/\/dichthuataau.com\/#website"},"datePublished":"2021-08-09T16:32:14+00:00","dateModified":"2023-01-31T06:37:54+00:00","breadcrumb":{"@id":"https:\/\/dichthuataau.com\/dich-vu-dich-thuat\/#breadcrumb"},"inLanguage":"en-US","potentialAction":[{"@type":"ReadAction","target":["https:\/\/dichthuataau.com\/dich-vu-dich-thuat\/"]}]},{"@type":"BreadcrumbList","@id":"https:\/\/dichthuataau.com\/dich-vu-dich-thuat\/#breadcrumb","itemListElement":[{"@type":"ListItem","position":1,"name":"Trang ch\u1ee7","item":"https:\/\/dichthuataau.com\/"},{"@type":"ListItem","position":2,"name":"D\u1ecbch v\u1ee5"}]},{"@type":"WebSite","@id":"https:\/\/dichthuataau.com\/#website","url":"https:\/\/dichthuataau.com\/","name":"D\u1ecbch thu\u1eadt \u00c1 \u00c2u","description":"","potentialAction":[{"@type":"SearchAction","target":{"@type":"EntryPoint","urlTemplate":"https:\/\/dichthuataau.com\/?s={search_term_string}"},"query-input":{"@type":"PropertyValueSpecification","valueRequired":true,"valueName":"search_term_string"}}],"inLanguage":"en-US"}]}},"_links":{"self":[{"href":"https:\/\/dichthuataau.com\/en\/wp-json\/wp\/v2\/pages\/1621","targetHints":{"allow":["GET"]}}],"collection":[{"href":"https:\/\/dichthuataau.com\/en\/wp-json\/wp\/v2\/pages"}],"about":[{"href":"https:\/\/dichthuataau.com\/en\/wp-json\/wp\/v2\/types\/page"}],"author":[{"embeddable":true,"href":"https:\/\/dichthuataau.com\/en\/wp-json\/wp\/v2\/users\/1"}],"replies":[{"embeddable":true,"href":"https:\/\/dichthuataau.com\/en\/wp-json\/wp\/v2\/comments?post=1621"}],"version-history":[{"count":5,"href":"https:\/\/dichthuataau.com\/en\/wp-json\/wp\/v2\/pages\/1621\/revisions"}],"predecessor-version":[{"id":10109,"href":"https:\/\/dichthuataau.com\/en\/wp-json\/wp\/v2\/pages\/1621\/revisions\/10109"}],"wp:attachment":[{"href":"https:\/\/dichthuataau.com\/en\/wp-json\/wp\/v2\/media?parent=1621"}],"curies":[{"name":"wp","href":"https:\/\/api.w.org\/{rel}","templated":true}]}}