{"id":1625,"date":"2021-08-09T16:34:40","date_gmt":"2021-08-09T16:34:40","guid":{"rendered":"https:\/\/jandjteams.com\/transpro\/?page_id=1625"},"modified":"2025-05-16T11:19:10","modified_gmt":"2025-05-16T04:19:10","slug":"linh-vuc-dich-thuat","status":"publish","type":"page","link":"https:\/\/dichthuataau.com\/en\/linh-vuc-dich-thuat\/","title":{"rendered":"Field"},"content":{"rendered":"<div data-elementor-type=\"wp-page\" data-elementor-id=\"1625\" class=\"elementor elementor-1625\">\n\t\t\t\t\t\t\t\t\t<section data-particle_enable=\"false\" data-particle-mobile-disabled=\"false\" class=\"elementor-section elementor-top-section elementor-element elementor-element-10d5ed4 elementor-section-stretched jnj-light-color elementor-section-boxed elementor-section-height-default elementor-section-height-default\" data-id=\"10d5ed4\" data-element_type=\"section\" data-settings=\"{&quot;stretch_section&quot;:&quot;section-stretched&quot;}\">\n\t\t\t\t\t\t<div class=\"elementor-container elementor-column-gap-no\">\n\t\t\t\t\t<div class=\"elementor-column elementor-col-100 elementor-top-column elementor-element elementor-element-74a5689 jnj-transparent-color\" data-id=\"74a5689\" data-element_type=\"column\">\n\t\t\t<div class=\"elementor-widget-wrap elementor-element-populated\">\n\t\t\t\t\t\t\t\t<div class=\"elementor-element elementor-element-2beda29 elementor-widget elementor-widget-project\" data-id=\"2beda29\" data-element_type=\"widget\" data-widget_type=\"project.default\">\n\t\t\t\t<div class=\"elementor-widget-container\">\n\t\t\t\n<div class='jnj-project-item-1'> \n<div class=\"row\">                 <div class=\"col-lg-4 col-md-6 col-sm-12\"> <div class=\"jnj-project-area\"> \r\n\r\n    <div class=\"jnj-project-image\"> \r\n        <img loading=\"lazy\" decoding=\"async\" width=\"800\" height=\"900\" src=\"https:\/\/dichthuataau.com\/wp-content\/uploads\/2021\/08\/project-img6-800x900.jpg\" class=\"attachment-jnj-project-one size-jnj-project-one wp-post-image\" alt=\"project-img\" \/>    <\/div>\r\n\r\n    <div class=\"jnj-project-heading\">\r\n        <h4 class=\"jnj-project-title\">\r\n            <a href=\"https:\/\/dichthuataau.com\/en\/chi-tiet-linh-vuc\/dich-thuat-ho-so-doanh-nghiep\/\">\r\n                Business Profile            <\/a>\r\n        <\/h4>\r\n            \r\n    <\/div>\r\n      \r\n\r\n<\/div>\r\n\n            <\/div>                 <div class=\"col-lg-4 col-md-6 col-sm-12\"> <div class=\"jnj-project-area\"> \r\n\r\n    <div class=\"jnj-project-image\"> \r\n        <img loading=\"lazy\" decoding=\"async\" width=\"800\" height=\"900\" src=\"https:\/\/dichthuataau.com\/wp-content\/uploads\/2021\/08\/project-img2-800x900.jpg\" class=\"attachment-jnj-project-one size-jnj-project-one wp-post-image\" alt=\"project-img\" \/>    <\/div>\r\n\r\n    <div class=\"jnj-project-heading\">\r\n        <h4 class=\"jnj-project-title\">\r\n            <a href=\"https:\/\/dichthuataau.com\/en\/chi-tiet-linh-vuc\/dich-thuat-ho-so-ca-nhan\/\">\r\n                Profile            <\/a>\r\n        <\/h4>\r\n            \r\n    <\/div>\r\n      \r\n\r\n<\/div>\r\n\n            <\/div>                 <div class=\"col-lg-4 col-md-6 col-sm-12\"> <div class=\"jnj-project-area\"> \r\n\r\n    <div class=\"jnj-project-image\"> \r\n        <img loading=\"lazy\" decoding=\"async\" width=\"800\" height=\"900\" src=\"https:\/\/dichthuataau.com\/wp-content\/uploads\/2021\/08\/project-img-800x900.jpg\" class=\"attachment-jnj-project-one size-jnj-project-one wp-post-image\" alt=\"project-img\" \/>    <\/div>\r\n\r\n    <div class=\"jnj-project-heading\">\r\n        <h4 class=\"jnj-project-title\">\r\n            <a href=\"https:\/\/dichthuataau.com\/en\/chi-tiet-linh-vuc\/dich-thuat-linh-vuc-tai-chinh-ngan-hang\/\">\r\n                Finance \u2013 Banking            <\/a>\r\n        <\/h4>\r\n            \r\n    <\/div>\r\n      \r\n\r\n<\/div>\r\n\n            <\/div>                 <div class=\"col-lg-4 col-md-6 col-sm-12\"> <div class=\"jnj-project-area\"> \r\n\r\n    <div class=\"jnj-project-image\"> \r\n        <img loading=\"lazy\" decoding=\"async\" width=\"800\" height=\"900\" src=\"https:\/\/dichthuataau.com\/wp-content\/uploads\/2021\/08\/project-img2-800x900.jpg\" class=\"attachment-jnj-project-one size-jnj-project-one wp-post-image\" alt=\"project-img\" \/>    <\/div>\r\n\r\n    <div class=\"jnj-project-heading\">\r\n        <h4 class=\"jnj-project-title\">\r\n            <a href=\"https:\/\/dichthuataau.com\/en\/chi-tiet-linh-vuc\/dich-thuat-linh-vuc-website-phan-mem\/\">\r\n                Website \u2013 Software            <\/a>\r\n        <\/h4>\r\n            \r\n    <\/div>\r\n      \r\n\r\n<\/div>\r\n\n            <\/div>                 <div class=\"col-lg-4 col-md-6 col-sm-12\"> <div class=\"jnj-project-area\"> \r\n\r\n    <div class=\"jnj-project-image\"> \r\n        <img loading=\"lazy\" decoding=\"async\" width=\"800\" height=\"900\" src=\"https:\/\/dichthuataau.com\/wp-content\/uploads\/2021\/08\/project-img3-800x900.jpg\" class=\"attachment-jnj-project-one size-jnj-project-one wp-post-image\" alt=\"project-img\" \/>    <\/div>\r\n\r\n    <div class=\"jnj-project-heading\">\r\n        <h4 class=\"jnj-project-title\">\r\n            <a href=\"https:\/\/dichthuataau.com\/en\/chi-tiet-linh-vuc\/dich-thuat-linh-vuc-ky-thuat-san-xuat\/\">\r\n                Engineering \u2013 Production            <\/a>\r\n        <\/h4>\r\n            \r\n    <\/div>\r\n      \r\n\r\n<\/div>\r\n\n            <\/div>                 <div class=\"col-lg-4 col-md-6 col-sm-12\"> <div class=\"jnj-project-area\"> \r\n\r\n    <div class=\"jnj-project-image\"> \r\n        <img loading=\"lazy\" decoding=\"async\" width=\"800\" height=\"900\" src=\"https:\/\/dichthuataau.com\/wp-content\/uploads\/2021\/08\/project-img4-800x900.png\" class=\"attachment-jnj-project-one size-jnj-project-one wp-post-image\" alt=\"project-img\" \/>    <\/div>\r\n\r\n    <div class=\"jnj-project-heading\">\r\n        <h4 class=\"jnj-project-title\">\r\n            <a href=\"https:\/\/dichthuataau.com\/en\/chi-tiet-linh-vuc\/dich-thuat-ho-so-thau-du-an\/\">\r\n                Bidding Documents \u2013 Projects            <\/a>\r\n        <\/h4>\r\n            \r\n    <\/div>\r\n      \r\n\r\n<\/div>\r\n\n            <\/div>                 <div class=\"col-lg-4 col-md-6 col-sm-12\"> <div class=\"jnj-project-area\"> \r\n\r\n    <div class=\"jnj-project-image\"> \r\n        <img loading=\"lazy\" decoding=\"async\" width=\"800\" height=\"900\" src=\"https:\/\/dichthuataau.com\/wp-content\/uploads\/2021\/08\/project-img5-800x900.jpg\" class=\"attachment-jnj-project-one size-jnj-project-one wp-post-image\" alt=\"project-img\" \/>    <\/div>\r\n\r\n    <div class=\"jnj-project-heading\">\r\n        <h4 class=\"jnj-project-title\">\r\n            <a href=\"https:\/\/dichthuataau.com\/en\/chi-tiet-linh-vuc\/dich-thuat-ho-so-visa\/\">\r\n                Visa Profile            <\/a>\r\n        <\/h4>\r\n            \r\n    <\/div>\r\n      \r\n\r\n<\/div>\r\n\n            <\/div>                 <div class=\"col-lg-4 col-md-6 col-sm-12\"> <div class=\"jnj-project-area\"> \r\n\r\n    <div class=\"jnj-project-image\"> \r\n        <img loading=\"lazy\" decoding=\"async\" width=\"800\" height=\"900\" src=\"https:\/\/dichthuataau.com\/wp-content\/uploads\/2021\/08\/project-img6-800x900.jpg\" class=\"attachment-jnj-project-one size-jnj-project-one wp-post-image\" alt=\"project-img\" \/>    <\/div>\r\n\r\n    <div class=\"jnj-project-heading\">\r\n        <h4 class=\"jnj-project-title\">\r\n            <a href=\"https:\/\/dichthuataau.com\/en\/chi-tiet-linh-vuc\/dich-thuat-linh-vuc-xuat-nhap-khau\/\">\r\n                Import and Export            <\/a>\r\n        <\/h4>\r\n            \r\n    <\/div>\r\n      \r\n\r\n<\/div>\r\n\n            <\/div> <\/div>\n\n<\/div>  \n\n      <script>\n        jQuery(document).ready(function() {\n          \/*++++++++++++++++++++++++++++++++++++++++++++++++++++++++\n          jnj owlCarousel\n          +++++++++++++++++++++++++++++++++++++++++++++++++++++++++*\/\n          jQuery('.jnj-owl').each(function() { \n              var jnj_owl = jQuery('.jnj-owl');\n              if (jnj_owl.length) {        \n                  var $jnj_carousel = jQuery(this);\n                  $jnj_carousel.owlCarousel({\n                      loop: $jnj_carousel.data(\"loop\"),\n                      margin: $jnj_carousel.data(\"margin\"),\n                      nav: $jnj_carousel.data(\"nav\"),\n                      dots: $jnj_carousel.data(\"dots\"),\n                      autoplay: $jnj_carousel.data(\"autoplay\"),\n                      items: $jnj_carousel.data(\"items\"),\n                      autoplayTimeout: $jnj_carousel.data(\"autoplay-timeout\"),\n                      responsiveClass: true,\n                      navText: [\n                          \"<i aria-hidden='true' class='feature-icon mdi mdi-flaticon flaticon-back'><\/i>\",\n                          \"<i aria-hidden='true' class='feature-icon mdi mdi-flaticon flaticon-right-arrow'><\/i>\"\n                      ],\n                      responsive: {\n                          0: { items: $jnj_carousel.data(\"items-mobile-sm\") },\n                          414: { items: $jnj_carousel.data(\"items-mobile\") },\n                          520: { items: $jnj_carousel.data(\"items-mobile\") },\n                          767: { items: $jnj_carousel.data(\"items-tab\") },\n                          768: { items: $jnj_carousel.data(\"items-tab\") },\n                          1010: { items: $jnj_carousel.data(\"items-laptop\") },\n                          1200: { items: $jnj_carousel.data(\"items\") },\n                          1920: { items: $jnj_carousel.data(\"items\") }\n                      }\n                  });  \n              }          \n          });\n        });\n      <\/script> \t\t<\/div>\n\t\t\t\t<\/div>\n\t\t\t\t\t<\/div>\n\t\t<\/div>\n\t\t\t\t\t\t\t<\/div>\n\t\t<\/section>\n\t\t\t\t\t\t\t<\/div>","protected":false},"excerpt":{"rendered":"<p>H\u1ed3 s\u01a1 doanh nghi\u1ec7p H\u1ed3 s\u01a1 c\u00e1 nh\u00e2n T\u00e0i ch\u00ednh \u2013 Ng\u00e2n h\u00e0ng Website \u2013 Ph\u1ea7n m\u1ec1m K\u1ef9 thu\u1eadt \u2013 S\u1ea3n xu\u1ea5t H\u1ed3 s\u01a1 Th\u1ea7u \u2013 D\u1ef1 \u00e1n H\u1ed3 s\u01a1 Visa Xu\u1ea5t nh\u1eadp kh\u1ea9u<\/p>","protected":false},"author":1,"featured_media":0,"parent":0,"menu_order":0,"comment_status":"closed","ping_status":"closed","template":"elementor_header_footer","meta":{"footnotes":""},"class_list":["post-1625","page","type-page","status-publish","hentry"],"yoast_head":"<!-- This site is optimized with the Yoast SEO Premium plugin v19.3 (Yoast SEO v25.1) - https:\/\/yoast.com\/wordpress\/plugins\/seo\/ -->\n<title>L\u0129nh v\u1ef1c - D\u1ecbch thu\u1eadt \u00c1 \u00c2u<\/title>\n<meta name=\"robots\" content=\"index, follow, max-snippet:-1, max-image-preview:large, max-video-preview:-1\" \/>\n<link rel=\"canonical\" href=\"https:\/\/dichthuataau.com\/en\/linh-vuc-dich-thuat\/\" \/>\n<meta property=\"og:locale\" content=\"en_US\" \/>\n<meta property=\"og:type\" content=\"article\" \/>\n<meta property=\"og:title\" content=\"L\u0129nh v\u1ef1c\" \/>\n<meta property=\"og:description\" content=\"H\u1ed3 s\u01a1 doanh nghi\u1ec7p H\u1ed3 s\u01a1 c\u00e1 nh\u00e2n T\u00e0i ch\u00ednh \u2013 Ng\u00e2n h\u00e0ng Website \u2013 Ph\u1ea7n m\u1ec1m K\u1ef9 thu\u1eadt \u2013 S\u1ea3n xu\u1ea5t H\u1ed3 s\u01a1 Th\u1ea7u \u2013 D\u1ef1 \u00e1n H\u1ed3 s\u01a1 Visa Xu\u1ea5t nh\u1eadp kh\u1ea9u\" \/>\n<meta property=\"og:url\" content=\"https:\/\/dichthuataau.com\/en\/linh-vuc-dich-thuat\/\" \/>\n<meta property=\"og:site_name\" content=\"D\u1ecbch thu\u1eadt \u00c1 \u00c2u\" \/>\n<meta property=\"article:modified_time\" content=\"2025-05-16T04:19:10+00:00\" \/>\n<meta property=\"og:image\" content=\"http:\/\/dichthuataau.com\/wp-content\/uploads\/2021\/08\/project-img6-800x900.jpg\" \/>\n<meta name=\"twitter:card\" content=\"summary_large_image\" \/>\n<meta name=\"twitter:label1\" content=\"Est. reading time\" \/>\n\t<meta name=\"twitter:data1\" content=\"3 minutes\" \/>\n<script type=\"application\/ld+json\" class=\"yoast-schema-graph\">{\"@context\":\"https:\/\/schema.org\",\"@graph\":[{\"@type\":\"WebPage\",\"@id\":\"https:\/\/dichthuataau.com\/linh-vuc-dich-thuat\/\",\"url\":\"https:\/\/dichthuataau.com\/linh-vuc-dich-thuat\/\",\"name\":\"L\u0129nh v\u1ef1c - D\u1ecbch thu\u1eadt \u00c1 \u00c2u\",\"isPartOf\":{\"@id\":\"https:\/\/dichthuataau.com\/#website\"},\"primaryImageOfPage\":{\"@id\":\"https:\/\/dichthuataau.com\/linh-vuc-dich-thuat\/#primaryimage\"},\"image\":{\"@id\":\"https:\/\/dichthuataau.com\/linh-vuc-dich-thuat\/#primaryimage\"},\"thumbnailUrl\":\"http:\/\/dichthuataau.com\/wp-content\/uploads\/2021\/08\/project-img6-800x900.jpg\",\"datePublished\":\"2021-08-09T16:34:40+00:00\",\"dateModified\":\"2025-05-16T04:19:10+00:00\",\"breadcrumb\":{\"@id\":\"https:\/\/dichthuataau.com\/linh-vuc-dich-thuat\/#breadcrumb\"},\"inLanguage\":\"en-US\",\"potentialAction\":[{\"@type\":\"ReadAction\",\"target\":[\"https:\/\/dichthuataau.com\/linh-vuc-dich-thuat\/\"]}]},{\"@type\":\"ImageObject\",\"inLanguage\":\"en-US\",\"@id\":\"https:\/\/dichthuataau.com\/linh-vuc-dich-thuat\/#primaryimage\",\"url\":\"http:\/\/dichthuataau.com\/wp-content\/uploads\/2021\/08\/project-img6-800x900.jpg\",\"contentUrl\":\"http:\/\/dichthuataau.com\/wp-content\/uploads\/2021\/08\/project-img6-800x900.jpg\"},{\"@type\":\"BreadcrumbList\",\"@id\":\"https:\/\/dichthuataau.com\/linh-vuc-dich-thuat\/#breadcrumb\",\"itemListElement\":[{\"@type\":\"ListItem\",\"position\":1,\"name\":\"Trang ch\u1ee7\",\"item\":\"https:\/\/dichthuataau.com\/\"},{\"@type\":\"ListItem\",\"position\":2,\"name\":\"L\u0129nh v\u1ef1c\"}]},{\"@type\":\"WebSite\",\"@id\":\"https:\/\/dichthuataau.com\/#website\",\"url\":\"https:\/\/dichthuataau.com\/\",\"name\":\"D\u1ecbch thu\u1eadt \u00c1 \u00c2u\",\"description\":\"\",\"potentialAction\":[{\"@type\":\"SearchAction\",\"target\":{\"@type\":\"EntryPoint\",\"urlTemplate\":\"https:\/\/dichthuataau.com\/?s={search_term_string}\"},\"query-input\":{\"@type\":\"PropertyValueSpecification\",\"valueRequired\":true,\"valueName\":\"search_term_string\"}}],\"inLanguage\":\"en-US\"}]}<\/script>\n<!-- \/ Yoast SEO Premium plugin. -->","yoast_head_json":{"title":"L\u0129nh v\u1ef1c - D\u1ecbch thu\u1eadt \u00c1 \u00c2u","robots":{"index":"index","follow":"follow","max-snippet":"max-snippet:-1","max-image-preview":"max-image-preview:large","max-video-preview":"max-video-preview:-1"},"canonical":"https:\/\/dichthuataau.com\/en\/linh-vuc-dich-thuat\/","og_locale":"en_US","og_type":"article","og_title":"L\u0129nh v\u1ef1c","og_description":"H\u1ed3 s\u01a1 doanh nghi\u1ec7p H\u1ed3 s\u01a1 c\u00e1 nh\u00e2n T\u00e0i ch\u00ednh \u2013 Ng\u00e2n h\u00e0ng Website \u2013 Ph\u1ea7n m\u1ec1m K\u1ef9 thu\u1eadt \u2013 S\u1ea3n xu\u1ea5t H\u1ed3 s\u01a1 Th\u1ea7u \u2013 D\u1ef1 \u00e1n H\u1ed3 s\u01a1 Visa Xu\u1ea5t nh\u1eadp kh\u1ea9u","og_url":"https:\/\/dichthuataau.com\/en\/linh-vuc-dich-thuat\/","og_site_name":"D\u1ecbch thu\u1eadt \u00c1 \u00c2u","article_modified_time":"2025-05-16T04:19:10+00:00","og_image":[{"url":"http:\/\/dichthuataau.com\/wp-content\/uploads\/2021\/08\/project-img6-800x900.jpg","type":"","width":"","height":""}],"twitter_card":"summary_large_image","twitter_misc":{"Est. reading time":"3 minutes"},"schema":{"@context":"https:\/\/schema.org","@graph":[{"@type":"WebPage","@id":"https:\/\/dichthuataau.com\/linh-vuc-dich-thuat\/","url":"https:\/\/dichthuataau.com\/linh-vuc-dich-thuat\/","name":"L\u0129nh v\u1ef1c - D\u1ecbch thu\u1eadt \u00c1 \u00c2u","isPartOf":{"@id":"https:\/\/dichthuataau.com\/#website"},"primaryImageOfPage":{"@id":"https:\/\/dichthuataau.com\/linh-vuc-dich-thuat\/#primaryimage"},"image":{"@id":"https:\/\/dichthuataau.com\/linh-vuc-dich-thuat\/#primaryimage"},"thumbnailUrl":"http:\/\/dichthuataau.com\/wp-content\/uploads\/2021\/08\/project-img6-800x900.jpg","datePublished":"2021-08-09T16:34:40+00:00","dateModified":"2025-05-16T04:19:10+00:00","breadcrumb":{"@id":"https:\/\/dichthuataau.com\/linh-vuc-dich-thuat\/#breadcrumb"},"inLanguage":"en-US","potentialAction":[{"@type":"ReadAction","target":["https:\/\/dichthuataau.com\/linh-vuc-dich-thuat\/"]}]},{"@type":"ImageObject","inLanguage":"en-US","@id":"https:\/\/dichthuataau.com\/linh-vuc-dich-thuat\/#primaryimage","url":"http:\/\/dichthuataau.com\/wp-content\/uploads\/2021\/08\/project-img6-800x900.jpg","contentUrl":"http:\/\/dichthuataau.com\/wp-content\/uploads\/2021\/08\/project-img6-800x900.jpg"},{"@type":"BreadcrumbList","@id":"https:\/\/dichthuataau.com\/linh-vuc-dich-thuat\/#breadcrumb","itemListElement":[{"@type":"ListItem","position":1,"name":"Trang ch\u1ee7","item":"https:\/\/dichthuataau.com\/"},{"@type":"ListItem","position":2,"name":"L\u0129nh v\u1ef1c"}]},{"@type":"WebSite","@id":"https:\/\/dichthuataau.com\/#website","url":"https:\/\/dichthuataau.com\/","name":"D\u1ecbch thu\u1eadt \u00c1 \u00c2u","description":"","potentialAction":[{"@type":"SearchAction","target":{"@type":"EntryPoint","urlTemplate":"https:\/\/dichthuataau.com\/?s={search_term_string}"},"query-input":{"@type":"PropertyValueSpecification","valueRequired":true,"valueName":"search_term_string"}}],"inLanguage":"en-US"}]}},"_links":{"self":[{"href":"https:\/\/dichthuataau.com\/en\/wp-json\/wp\/v2\/pages\/1625","targetHints":{"allow":["GET"]}}],"collection":[{"href":"https:\/\/dichthuataau.com\/en\/wp-json\/wp\/v2\/pages"}],"about":[{"href":"https:\/\/dichthuataau.com\/en\/wp-json\/wp\/v2\/types\/page"}],"author":[{"embeddable":true,"href":"https:\/\/dichthuataau.com\/en\/wp-json\/wp\/v2\/users\/1"}],"replies":[{"embeddable":true,"href":"https:\/\/dichthuataau.com\/en\/wp-json\/wp\/v2\/comments?post=1625"}],"version-history":[{"count":4,"href":"https:\/\/dichthuataau.com\/en\/wp-json\/wp\/v2\/pages\/1625\/revisions"}],"predecessor-version":[{"id":12790,"href":"https:\/\/dichthuataau.com\/en\/wp-json\/wp\/v2\/pages\/1625\/revisions\/12790"}],"wp:attachment":[{"href":"https:\/\/dichthuataau.com\/en\/wp-json\/wp\/v2\/media?parent=1625"}],"curies":[{"name":"wp","href":"https:\/\/api.w.org\/{rel}","templated":true}]}}