{"id":9530,"date":"2022-12-15T16:06:01","date_gmt":"2022-12-15T16:06:01","guid":{"rendered":"http:\/\/dichthuataau.123websitedev.com\/?page_id=9530"},"modified":"2026-03-10T10:08:41","modified_gmt":"2026-03-10T03:08:41","slug":"bang-gia-dich-thuat","status":"publish","type":"page","link":"https:\/\/dichthuataau.com\/en\/bang-gia-dich-thuat\/","title":{"rendered":"Price list"},"content":{"rendered":"<div data-elementor-type=\"wp-page\" data-elementor-id=\"9530\" class=\"elementor elementor-9530\">\n\t\t\t\t\t\t\t\t\t<section data-particle_enable=\"false\" data-particle-mobile-disabled=\"false\" class=\"elementor-section elementor-top-section elementor-element elementor-element-42b2edc elementor-section-boxed elementor-section-height-default elementor-section-height-default jnj-transparent-color\" data-id=\"42b2edc\" data-element_type=\"section\">\n\t\t\t\t\t\t<div class=\"elementor-container elementor-column-gap-default\">\n\t\t\t\t\t<div class=\"elementor-column elementor-col-100 elementor-top-column elementor-element elementor-element-42a6e4c jnj-transparent-color\" data-id=\"42a6e4c\" data-element_type=\"column\">\n\t\t\t<div class=\"elementor-widget-wrap elementor-element-populated\">\n\t\t\t\t\t\t\t\t<div class=\"elementor-element elementor-element-c2f12f0 elementor-widget elementor-widget-heading\" data-id=\"c2f12f0\" data-element_type=\"widget\" data-widget_type=\"heading.default\">\n\t\t\t\t<div class=\"elementor-widget-container\">\n\t\t\t<style>\/*! elementor - v3.11.2 - 22-02-2023 *\/\n.elementor-heading-title{padding:0;margin:0;line-height:1}.elementor-widget-heading .elementor-heading-title[class*=elementor-size-]>a{color:inherit;font-size:inherit;line-height:inherit}.elementor-widget-heading .elementor-heading-title.elementor-size-small{font-size:15px}.elementor-widget-heading .elementor-heading-title.elementor-size-medium{font-size:19px}.elementor-widget-heading .elementor-heading-title.elementor-size-large{font-size:29px}.elementor-widget-heading .elementor-heading-title.elementor-size-xl{font-size:39px}.elementor-widget-heading .elementor-heading-title.elementor-size-xxl{font-size:59px}<\/style><h2 class=\"elementor-heading-title elementor-size-default\">Translation Quotes<\/h2>\t\t<\/div>\n\t\t\t\t<\/div>\n\t\t\t\t<div class=\"elementor-element elementor-element-11eab69 elementor-widget elementor-widget-eael-advanced-data-table\" data-id=\"11eab69\" data-element_type=\"widget\" data-widget_type=\"eael-advanced-data-table.default\">\n\t\t\t\t<div class=\"elementor-widget-container\">\n\t\t\t<div class=\"ea-advanced-data-table-wrap\" data-id=\"11eab69\"><div class=\"ea-advanced-data-table-wrap-inner\">\n                <table class=\"ea-advanced-data-table ea-advanced-data-table-static ea-advanced-data-table-11eab69\" data-id=\"11eab69\"><thead><tr><th style=\"width: 122px;\"><p>ORIGINAL LANGUAGE<\/p><\/th><th style=\"width: 122px;\"><p>LANGUAGE TRANSLATION<\/p><\/th><th style=\"width: 93px;\"><p>BASIC PACK (VND\/ Page)<\/p><\/th><th style=\"width: 54px;\"><p>SPECIALIZED PACKAGE (VND\/Page)<\/p><\/th><th style=\"width: 75px;\"><p>TRANSLATE<\/p><\/th><\/tr><\/thead><tbody><tr><td><p><strong>English<\/strong><\/p><\/td><td><p><strong>Vietnamese<\/strong><\/p><\/td><td><p><s>53.000<\/s><\/p><p><strong>48.000<\/strong><\/p><\/td><td><p><s>65.000<\/s><\/p><p><strong>58.000<\/strong><\/p><\/td><td><p><strong>90 USD \/ 8h<\/strong><\/p><\/td><\/tr><tr><td><p><strong>Vietnamese<\/strong><\/p><\/td><td><p><strong>English<\/strong><\/p><\/td><td><p><s>58.000<\/s><\/p><p><strong>52.000<\/strong><\/p><\/td><td><p><s>68.000<\/s><\/p><p><strong>62.000<\/strong><\/p><\/td><td><p><strong>90 USD \/ 8h<\/strong><\/p><\/td><\/tr><tr><td><p><strong>Chinese<\/strong><\/p><\/td><td><p><strong>Vietnamese<\/strong><\/p><\/td><td><p><s>67.000<\/s><\/p><p><strong>60.000<\/strong><\/p><\/td><td><p><s>77.000<\/s><\/p><p><strong>70.000<\/strong><\/p><\/td><td><p><strong>90 USD \/ 8h<\/strong><\/p><\/td><\/tr><tr><td><p><strong>Vietnamese<\/strong><\/p><\/td><td><p><strong>Chinese<\/strong><\/p><\/td><td><p><s>72.000<\/s><\/p><p><strong>65.000<\/strong><\/p><\/td><td><p><s>82.000<\/s><\/p><p><strong>75.000<\/strong><\/p><\/td><td><p><strong style=\"background-color: rgb(255, 255, 255);\">90 USD \/ 8h<\/strong><\/p><\/td><\/tr><tr><td><p><strong>French<\/strong><\/p><p><strong>Russian<\/strong><\/p><\/td><td><p><strong>Vietnamese<\/strong><\/p><\/td><td><p><s>77.000<\/s><\/p><p><strong>70.000<\/strong><\/p><\/td><td><p><s>90.000<\/s><\/p><p><strong>80.000<\/strong><\/p><\/td><td><p><strong>120 USD \/ 8h<\/strong><\/p><\/td><\/tr><tr><td><p><strong style=\"background-color: rgb(255, 255, 255);\">Vietnamese<\/strong><\/p><\/td><td><p><strong>French<\/strong><\/p><p><strong>Russian<\/strong><\/p><\/td><td><p><s>85.000<\/s><\/p><p><strong>75.000<\/strong><\/p><\/td><td><p><s>95.000<\/s><\/p><p><strong>85.000<\/strong><\/p><\/td><td><p><strong style=\"background-color: rgb(255, 255, 255);\">120 USD \/ 8h<\/strong><\/p><\/td><\/tr><tr><td><p><strong>Japanese<\/strong><\/p><p><strong>Korean<\/strong><\/p><p><strong style=\"color: rgb(210, 58, 30);\"><span class=\"ql-cursor\"><\/span>German<\/strong><\/p><\/td><td><p><strong>Vietnamese<\/strong><\/p><\/td><td><p><s>95.000<\/s><\/p><p><strong>85.000<\/strong><\/p><\/td><td><p><s>105.000<\/s><\/p><p><strong>95.000<\/strong><\/p><\/td><td><p><strong>120 USD \/ 8h<\/strong><\/p><\/td><\/tr><tr><td><p><strong>Vietnamese<\/strong><\/p><\/td><td><p><strong>Japanese<\/strong><\/p><p><strong>Korean<\/strong><\/p><p><strong style=\"background-color: rgb(255, 255, 255); color: rgb(210, 58, 30);\"><span class=\"ql-cursor\"><\/span>German<\/strong><\/p><\/td><td><p><s>100.000<\/s><\/p><p><strong>90.000<\/strong><\/p><\/td><td><p><s>110.000<\/s><\/p><p><strong>100.000<\/strong><\/p><\/td><td><p><strong style=\"background-color: rgb(255, 255, 255);\">120 USD \/ 8h<\/strong><\/p><\/td><\/tr><tr><td><p><strong>Thai<\/strong><\/p><p><strong>Cambodian<\/strong><\/p><p><strong>Laos<\/strong><\/p><\/td><td><p><strong style=\"background-color: rgb(251, 251, 251);\">Vietnamese<\/strong><\/p><\/td><td><p><s>168.000<\/s><\/p><p><strong>150.000<\/strong><\/p><\/td><td><p><s>178.000<\/s><\/p><p><strong>160.000<\/strong><\/p><\/td><td><p><strong>150 USD \/ 8h<\/strong><\/p><\/td><\/tr><tr><td><p><strong>Vietnamese<\/strong><\/p><\/td><td><p><strong>Thai<\/strong><\/p><p><strong>Cambodian<\/strong><\/p><p><strong>Laos<\/strong><\/p><\/td><td><p><s>172.000<\/s><\/p><p><strong>155.000<\/strong><\/p><\/td><td><p><s>182.000<\/s><\/p><p><strong>165.000<\/strong><\/p><\/td><td><p><strong style=\"background-color: rgb(255, 255, 255);\">150 USD \/ 8h<\/strong><\/p><\/td><\/tr><tr><td><p><strong>Spanish<\/strong><\/p><p><strong>Portuguese<\/strong><\/p><p><strong>Italian<\/strong><\/p><\/td><td><p><strong style=\"background-color: rgb(251, 251, 251);\">Vietnamese<\/strong><\/p><\/td><td><p><s>182.000<\/s><\/p><p><strong>165.000<\/strong><\/p><\/td><td><p><s>195.000<\/s><\/p><p><strong>175.000<\/strong><\/p><\/td><td><p><strong>150 USD \/ 8h<\/strong><\/p><\/td><\/tr><tr><td><p><strong>Vietnamese<\/strong><\/p><\/td><td><p><strong>Spanish<\/strong><\/p><p><strong>Portuguese<\/strong><\/p><p><strong>Italian<\/strong><\/p><\/td><td><p><s>190.000<\/s><\/p><p><strong>170.000<\/strong><\/p><\/td><td><p><s>200.000<\/s><\/p><p><strong>180.000<\/strong><\/p><\/td><td><p><strong style=\"background-color: rgb(255, 255, 255);\">150 USD \/ 8h<\/strong><\/p><\/td><\/tr><tr><td><p><strong>Malaysian<\/strong><\/p><p><strong>Indonesian language<\/strong><\/p><p><strong>Filipino<\/strong><\/p><p><strong>Arabic<\/strong><\/p><p><strong>Dutch<\/strong><\/p><p><strong>Polish language<\/strong><\/p><p><strong>Czech<\/strong><\/p><p><strong>Swedish<\/strong><\/p><p><strong>Danish<\/strong><\/p><p><strong>Norwegian<\/strong><\/p><p><strong>Ukrainian<\/strong><\/p><p><strong>Latin<\/strong><\/p><p><strong>Danish<\/strong><\/p><p><strong>Turkish<\/strong><\/p><\/td><td><p><strong style=\"background-color: rgb(251, 251, 251);\">Vietnamese<\/strong><\/p><\/td><td><p><s>220.000<\/s><\/p><p><strong>200.000<\/strong><\/p><\/td><td><p><s>230.000<\/s><\/p><p><strong>210.000<\/strong><\/p><\/td><td><p><strong>150 USD \/ 8h<\/strong><\/p><\/td><\/tr><tr><td><p><strong>Vietnamese<\/strong><\/p><\/td><td><p><strong>Malaysian<\/strong><\/p><p><strong>Indonesian language<\/strong><\/p><p><strong>Filipino<\/strong><\/p><p><strong>Arabic<\/strong><\/p><p><strong>Dutch<\/strong><\/p><p><strong>Polish language<\/strong><\/p><p><strong>Czech<\/strong><\/p><p><strong>Swedish<\/strong><\/p><p><strong>Danish<\/strong><\/p><p><strong>Norwegian<\/strong><\/p><p><strong>Ukrainian<\/strong><\/p><p><strong>Latin<\/strong><\/p><p><strong>Danish<\/strong><\/p><p><strong>Turkish<\/strong><\/p><\/td><td><p><s>230.000<\/s><\/p><p><strong>210.000<\/strong><\/p><\/td><td><p><s>245.000<\/s><\/p><p><strong>220.000<\/strong><\/p><\/td><td><p><strong style=\"background-color: rgb(255, 255, 255);\">150 USD \/ 8h<\/strong><\/p><\/td><\/tr><tr><td><p><strong>Indian language<\/strong><\/p><p><strong>Hebrew<\/strong><\/p><p><strong>Persian<\/strong><\/p><p><strong>Kalmuck<\/strong><\/p><p><strong>Myanmar language<\/strong><\/p><p><strong>Bangladeshi language<\/strong><\/p><p><strong>Kazakh<\/strong><\/p><p><strong>Armenian<\/strong><\/p><p><strong>Nepali<\/strong><\/p><p><strong>The Greek language<\/strong><\/p><p><strong>Romanian<\/strong><\/p><p><strong>Bulgarian<\/strong><\/p><p><strong>Croatian<\/strong><\/p><p><strong>Estonian<\/strong><\/p><p><strong>Bosnian<\/strong><\/p><p><strong>Serbian<\/strong><\/p><p><strong>Hungarian<\/strong><\/p><p><strong>Latvian<\/strong><\/p><p><strong>Moldovan language<\/strong><\/p><p><strong>And other languages<\/strong><\/p><\/td><td><p><strong style=\"background-color: rgb(251, 251, 251);\">Vietnamese<\/strong><\/p><\/td><td><p><strong style=\"color: rgb(210, 58, 30);\">B\u00e1o gi\u00e1 sau khi nh\u1eadn t\u00e0i li\u1ec7u.<\/strong><\/p><\/td><td><p><strong style=\"color: rgb(210, 58, 30);\">B\u00e1o gi\u00e1 sau khi nh\u1eadn t\u00e0i li\u1ec7u.<\/strong><\/p><\/td><td><p><strong>Quote after receiving the request.<\/strong><\/p><\/td><\/tr><tr><td><p><strong>Vietnamese<\/strong><\/p><\/td><td><p><strong>Indian language<\/strong><\/p><p><strong>Hebrew<\/strong><\/p><p><strong>Persian<\/strong><\/p><p><strong>Kalmuck<\/strong><\/p><p><strong>Myanmar language<\/strong><\/p><p><strong>Bangladeshi language<\/strong><\/p><p><strong>Kazakh<\/strong><\/p><p><strong>Armenian<\/strong><\/p><p><strong>Nepali<\/strong><\/p><p><strong>The Greek language<\/strong><\/p><p><strong>Romanian<\/strong><\/p><p><strong>Bulgarian<\/strong><\/p><p><strong>Croatian<\/strong><\/p><p><strong>Estonian<\/strong><\/p><p><strong>Bosnian<\/strong><\/p><p><strong>Serbian<\/strong><\/p><p><strong>Hungarian<\/strong><\/p><p><strong>Latvian<\/strong><\/p><p><strong>Moldovan language<\/strong><\/p><p><strong>And other languages<\/strong><\/p><\/td><td><p><strong style=\"background-color: rgb(255, 255, 255); color: rgb(210, 58, 30);\">B\u00e1o gi\u00e1 sau khi nh\u1eadn t\u00e0i li\u1ec7u.<\/strong><\/p><\/td><td><p><strong style=\"background-color: rgb(255, 255, 255); color: rgb(210, 58, 30);\">B\u00e1o gi\u00e1 sau khi nh\u1eadn t\u00e0i li\u1ec7u.<\/strong><\/p><\/td><td><p><strong style=\"background-color: rgb(255, 255, 255);\">Quote after receiving the request.<\/strong><\/p><\/td><\/tr><\/tbody><\/table>\n            <\/div><\/div>\t\t<\/div>\n\t\t\t\t<\/div>\n\t\t\t\t\t<\/div>\n\t\t<\/div>\n\t\t\t\t\t\t\t<\/div>\n\t\t<\/section>\n\t\t\t\t<section data-particle_enable=\"false\" data-particle-mobile-disabled=\"false\" class=\"elementor-section elementor-top-section elementor-element elementor-element-490f44c elementor-section-boxed elementor-section-height-default elementor-section-height-default jnj-transparent-color\" data-id=\"490f44c\" data-element_type=\"section\">\n\t\t\t\t\t\t<div class=\"elementor-container elementor-column-gap-default\">\n\t\t\t\t\t<div class=\"elementor-column elementor-col-100 elementor-top-column elementor-element elementor-element-6147056 jnj-transparent-color\" data-id=\"6147056\" data-element_type=\"column\">\n\t\t\t<div class=\"elementor-widget-wrap elementor-element-populated\">\n\t\t\t\t\t\t\t\t<div class=\"elementor-element elementor-element-429d25e elementor-widget elementor-widget-heading\" data-id=\"429d25e\" data-element_type=\"widget\" data-widget_type=\"heading.default\">\n\t\t\t\t<div class=\"elementor-widget-container\">\n\t\t\t<h2 class=\"elementor-heading-title elementor-size-default\">PRICE ORIGINAL TRANSLATION<\/h2>\t\t<\/div>\n\t\t\t\t<\/div>\n\t\t\t\t<div class=\"elementor-element elementor-element-8c305d3 elementor-widget elementor-widget-eael-advanced-data-table\" data-id=\"8c305d3\" data-element_type=\"widget\" data-widget_type=\"eael-advanced-data-table.default\">\n\t\t\t\t<div class=\"elementor-widget-container\">\n\t\t\t<div class=\"ea-advanced-data-table-wrap\" data-id=\"8c305d3\"><div class=\"ea-advanced-data-table-wrap-inner\">\n                <table class=\"ea-advanced-data-table ea-advanced-data-table-static ea-advanced-data-table-8c305d3\" data-id=\"8c305d3\"><thead><tr><th style=\"width: 253px;\"><p>ORIGINAL LANGUAGE<\/p><\/th><th style=\"width: 216px;\"><p>LANGUAGE TRANSLATION<\/p><\/th><th><p>BASIC PACK (VND\/ Page)<\/p><\/th><th><p>SPECIALIZED PACKAGE (VND\/Page)<\/p><\/th><\/tr><\/thead><tbody><tr><td><p><strong>Chinese<\/strong><\/p><p><strong>French<\/strong><\/p><p><strong>German<\/strong><\/p><p><strong>Russian<\/strong><\/p><p><strong>Japanese<\/strong><\/p><p><strong>Korean<\/strong><\/p><p><strong>Thai <\/strong><\/p><p><strong>Cambodian<\/strong><\/p><p><strong>Laos<\/strong><\/p><p><strong>Spanish<\/strong><\/p><p><strong>Portuguese<\/strong><\/p><p><strong>Italian Malay<\/strong><\/p><p><strong>Indonesian language<\/strong><\/p><p><strong>Filipino<\/strong><\/p><p><strong>Arabic<\/strong><\/p><p><strong>Dutch<\/strong><\/p><p><strong>Polish language<\/strong><\/p><p><strong>Czech<\/strong><\/p><p><strong>Swedish<\/strong><\/p><p><strong>Danish<\/strong><\/p><p><strong>Norwegian<\/strong><\/p><p><strong>Ukrainian<\/strong><\/p><p><strong>Turkish<\/strong><\/p><p><strong>Latin<\/strong><\/p><p><strong>Hebrew<\/strong><\/p><p><strong>Persian<\/strong><\/p><p><strong>Kalmuck<\/strong><\/p><p><strong>Indian language<\/strong><\/p><p><strong>Myanmar language<\/strong><\/p><p><strong>Bangladeshi language<\/strong><\/p><p><strong>Kazakh<\/strong><\/p><p><strong>Armenian<\/strong><\/p><p><strong>Nepali<\/strong><\/p><p><strong>The Greek language<\/strong><\/p><p><strong>Romanian<\/strong><\/p><p><strong>Bulgarian<\/strong><\/p><p><strong>Croatian<\/strong><\/p><p><strong>Estonian<\/strong><\/p><p><strong>Bosnian<\/strong><\/p><p><strong>Serbian<\/strong><\/p><p><strong>Hungarian<\/strong><\/p><p><strong>Moldovan language<\/strong><\/p><p><strong>And other languages<\/strong><\/p><\/td><td><p><strong>English<\/strong><\/p><\/td><td><p><s>410.000<\/s><\/p><p><strong>370.000<\/strong><\/p><p>This price also applies in reverse translating from English to these languages<\/p><\/td><td><p><s>430.000<\/s><\/p><p><strong>390.000<\/strong><\/p><p>This price also applies in reverse translating from English to these languages<\/p><\/td><\/tr><\/tbody><\/table>\n            <\/div><\/div>\t\t<\/div>\n\t\t\t\t<\/div>\n\t\t\t\t\t<\/div>\n\t\t<\/div>\n\t\t\t\t\t\t\t<\/div>\n\t\t<\/section>\n\t\t\t\t<section data-particle_enable=\"false\" data-particle-mobile-disabled=\"false\" class=\"elementor-section elementor-top-section elementor-element elementor-element-0e98c96 elementor-section-boxed elementor-section-height-default elementor-section-height-default jnj-transparent-color\" data-id=\"0e98c96\" data-element_type=\"section\">\n\t\t\t\t\t\t<div class=\"elementor-container elementor-column-gap-default\">\n\t\t\t\t\t<div class=\"elementor-column elementor-col-100 elementor-top-column elementor-element elementor-element-c3b6c05 jnj-transparent-color\" data-id=\"c3b6c05\" data-element_type=\"column\">\n\t\t\t<div class=\"elementor-widget-wrap elementor-element-populated\">\n\t\t\t\t\t\t\t\t<div class=\"elementor-element elementor-element-4bbafa2 elementor-widget elementor-widget-heading\" data-id=\"4bbafa2\" data-element_type=\"widget\" data-widget_type=\"heading.default\">\n\t\t\t\t<div class=\"elementor-widget-container\">\n\t\t\t<h2 class=\"elementor-heading-title elementor-size-default\">PRICE OTHER SERVICES<\/h2>\t\t<\/div>\n\t\t\t\t<\/div>\n\t\t\t\t<div class=\"elementor-element elementor-element-6b5f813 elementor-widget elementor-widget-eael-advanced-data-table\" data-id=\"6b5f813\" data-element_type=\"widget\" data-widget_type=\"eael-advanced-data-table.default\">\n\t\t\t\t<div class=\"elementor-widget-container\">\n\t\t\t<div class=\"ea-advanced-data-table-wrap\" data-id=\"6b5f813\"><div class=\"ea-advanced-data-table-wrap-inner\">\n                <table class=\"ea-advanced-data-table ea-advanced-data-table-static ea-advanced-data-table-6b5f813\" data-id=\"6b5f813\"><thead><tr><th><p>CERTIFIED COPY OF ORIGINAL<\/p><\/th><th><p>10,000 VND \/ PAGE<\/p><\/th><\/tr><\/thead><tbody><tr><td><p>NOTIFICATION OF TRANSLATIONS<\/p><\/td><td><p>60.000 VN\u0110 \/ B\u1ea2N<\/p><\/td><\/tr><tr><td><p>LEGALIZATION AT DEPARTMENT OF FOREIGN FOREIGN<\/p><\/td><td><p>400.000 VN\u0110 \/ D\u1ea4U<\/p><\/td><\/tr><tr><td><p>CONSULAR CERTIFICATION<\/p><\/td><td><p>PROFILE AND COUNTRY CUSTOMIZE<\/p><\/td><\/tr><\/tbody><\/table>\n            <\/div><\/div>\t\t<\/div>\n\t\t\t\t<\/div>\n\t\t\t\t\t<\/div>\n\t\t<\/div>\n\t\t\t\t\t\t\t<\/div>\n\t\t<\/section>\n\t\t\t\t<section data-particle_enable=\"false\" data-particle-mobile-disabled=\"false\" class=\"elementor-section elementor-top-section elementor-element elementor-element-bd4db2e elementor-section-boxed elementor-section-height-default elementor-section-height-default jnj-transparent-color\" data-id=\"bd4db2e\" data-element_type=\"section\">\n\t\t\t\t\t\t<div class=\"elementor-container elementor-column-gap-default\">\n\t\t\t\t\t<div class=\"elementor-column elementor-col-100 elementor-top-column elementor-element elementor-element-de59eaf jnj-transparent-color\" data-id=\"de59eaf\" data-element_type=\"column\">\n\t\t\t<div class=\"elementor-widget-wrap elementor-element-populated\">\n\t\t\t\t\t\t\t\t<div class=\"elementor-element elementor-element-a65927a elementor-widget elementor-widget-text-editor\" data-id=\"a65927a\" data-element_type=\"widget\" data-widget_type=\"text-editor.default\">\n\t\t\t\t<div class=\"elementor-widget-container\">\n\t\t\t<style>\/*! elementor - v3.11.2 - 22-02-2023 *\/\n.elementor-widget-text-editor.elementor-drop-cap-view-stacked .elementor-drop-cap{background-color:#818a91;color:#fff}.elementor-widget-text-editor.elementor-drop-cap-view-framed .elementor-drop-cap{color:#818a91;border:3px solid;background-color:transparent}.elementor-widget-text-editor:not(.elementor-drop-cap-view-default) .elementor-drop-cap{margin-top:8px}.elementor-widget-text-editor:not(.elementor-drop-cap-view-default) .elementor-drop-cap-letter{width:1em;height:1em}.elementor-widget-text-editor .elementor-drop-cap{float:left;text-align:center;line-height:1;font-size:50px}.elementor-widget-text-editor .elementor-drop-cap-letter{display:inline-block}<\/style>\t\t\t\t<p>Please contact hotline (+84) 987 514 530 or email info@dichthuataau.com for assistance with procedures and detailed quotation!<\/p>\t\t\t\t\t\t<\/div>\n\t\t\t\t<\/div>\n\t\t\t\t\t<\/div>\n\t\t<\/div>\n\t\t\t\t\t\t\t<\/div>\n\t\t<\/section>\n\t\t\t\t\t\t\t<\/div>","protected":false},"excerpt":{"rendered":"<p>B\u00e1o Gi\u00e1 D\u1ecbch Thu\u1eadt NG\u00d4N NG\u1eee G\u1ed0C NG\u00d4N NG\u1eee D\u1ecaCH G\u00d3I C\u01a0 B\u1ea2N (VN\u0110\/ Trang) G\u00d3I CHUY\u00caN NG\u00c0NH (VN\u0110\/ Trang) PHI\u00caN D\u1ecaCH Ti\u1ebfng Anh Ti\u1ebfng Vi\u1ec7t 53.000 48.000 65.000 58.000 90 USD \/ 8h Ti\u1ebfng Vi\u1ec7t Ti\u1ebfng Anh 58.000 52.000 68.000 62.000 90 USD \/ 8h Ti\u1ebfng Trung Ti\u1ebfng Vi\u1ec7t 67.000 60.000 77.000 70.000 90 [&hellip;]<\/p>","protected":false},"author":1,"featured_media":0,"parent":0,"menu_order":0,"comment_status":"closed","ping_status":"closed","template":"","meta":{"footnotes":""},"class_list":["post-9530","page","type-page","status-publish","hentry"],"yoast_head":"<!-- This site is optimized with the Yoast SEO Premium plugin v19.3 (Yoast SEO v25.1) - https:\/\/yoast.com\/wordpress\/plugins\/seo\/ -->\n<title>B\u1ea3ng gi\u00e1 - D\u1ecbch thu\u1eadt \u00c1 \u00c2u<\/title>\n<meta name=\"robots\" content=\"index, follow, max-snippet:-1, max-image-preview:large, max-video-preview:-1\" \/>\n<link rel=\"canonical\" href=\"https:\/\/dichthuataau.com\/en\/bang-gia-dich-thuat\/\" \/>\n<meta property=\"og:locale\" content=\"en_US\" \/>\n<meta property=\"og:type\" content=\"article\" \/>\n<meta property=\"og:title\" content=\"B\u1ea3ng gi\u00e1\" \/>\n<meta property=\"og:description\" content=\"B\u00e1o Gi\u00e1 D\u1ecbch Thu\u1eadt NG\u00d4N NG\u1eee G\u1ed0C NG\u00d4N NG\u1eee D\u1ecaCH G\u00d3I C\u01a0 B\u1ea2N (VN\u0110\/ Trang) G\u00d3I CHUY\u00caN NG\u00c0NH (VN\u0110\/ Trang) PHI\u00caN D\u1ecaCH Ti\u1ebfng Anh Ti\u1ebfng Vi\u1ec7t 53.000 48.000 65.000 58.000 90 USD \/ 8h Ti\u1ebfng Vi\u1ec7t Ti\u1ebfng Anh 58.000 52.000 68.000 62.000 90 USD \/ 8h Ti\u1ebfng Trung Ti\u1ebfng Vi\u1ec7t 67.000 60.000 77.000 70.000 90 [&hellip;]\" \/>\n<meta property=\"og:url\" content=\"https:\/\/dichthuataau.com\/en\/bang-gia-dich-thuat\/\" \/>\n<meta property=\"og:site_name\" content=\"D\u1ecbch thu\u1eadt \u00c1 \u00c2u\" \/>\n<meta property=\"article:modified_time\" content=\"2026-03-10T03:08:41+00:00\" \/>\n<meta name=\"twitter:card\" content=\"summary_large_image\" \/>\n<meta name=\"twitter:label1\" content=\"Est. reading time\" \/>\n\t<meta name=\"twitter:data1\" content=\"4 minutes\" \/>\n<script type=\"application\/ld+json\" class=\"yoast-schema-graph\">{\"@context\":\"https:\/\/schema.org\",\"@graph\":[{\"@type\":\"WebPage\",\"@id\":\"https:\/\/dichthuataau.com\/bang-gia-dich-thuat\/\",\"url\":\"https:\/\/dichthuataau.com\/bang-gia-dich-thuat\/\",\"name\":\"B\u1ea3ng gi\u00e1 - D\u1ecbch thu\u1eadt \u00c1 \u00c2u\",\"isPartOf\":{\"@id\":\"https:\/\/dichthuataau.com\/#website\"},\"datePublished\":\"2022-12-15T16:06:01+00:00\",\"dateModified\":\"2026-03-10T03:08:41+00:00\",\"breadcrumb\":{\"@id\":\"https:\/\/dichthuataau.com\/bang-gia-dich-thuat\/#breadcrumb\"},\"inLanguage\":\"en-US\",\"potentialAction\":[{\"@type\":\"ReadAction\",\"target\":[\"https:\/\/dichthuataau.com\/bang-gia-dich-thuat\/\"]}]},{\"@type\":\"BreadcrumbList\",\"@id\":\"https:\/\/dichthuataau.com\/bang-gia-dich-thuat\/#breadcrumb\",\"itemListElement\":[{\"@type\":\"ListItem\",\"position\":1,\"name\":\"Trang ch\u1ee7\",\"item\":\"https:\/\/dichthuataau.com\/\"},{\"@type\":\"ListItem\",\"position\":2,\"name\":\"B\u1ea3ng gi\u00e1\"}]},{\"@type\":\"WebSite\",\"@id\":\"https:\/\/dichthuataau.com\/#website\",\"url\":\"https:\/\/dichthuataau.com\/\",\"name\":\"D\u1ecbch thu\u1eadt \u00c1 \u00c2u\",\"description\":\"\",\"potentialAction\":[{\"@type\":\"SearchAction\",\"target\":{\"@type\":\"EntryPoint\",\"urlTemplate\":\"https:\/\/dichthuataau.com\/?s={search_term_string}\"},\"query-input\":{\"@type\":\"PropertyValueSpecification\",\"valueRequired\":true,\"valueName\":\"search_term_string\"}}],\"inLanguage\":\"en-US\"}]}<\/script>\n<!-- \/ Yoast SEO Premium plugin. -->","yoast_head_json":{"title":"B\u1ea3ng gi\u00e1 - D\u1ecbch thu\u1eadt \u00c1 \u00c2u","robots":{"index":"index","follow":"follow","max-snippet":"max-snippet:-1","max-image-preview":"max-image-preview:large","max-video-preview":"max-video-preview:-1"},"canonical":"https:\/\/dichthuataau.com\/en\/bang-gia-dich-thuat\/","og_locale":"en_US","og_type":"article","og_title":"B\u1ea3ng gi\u00e1","og_description":"B\u00e1o Gi\u00e1 D\u1ecbch Thu\u1eadt NG\u00d4N NG\u1eee G\u1ed0C NG\u00d4N NG\u1eee D\u1ecaCH G\u00d3I C\u01a0 B\u1ea2N (VN\u0110\/ Trang) G\u00d3I CHUY\u00caN NG\u00c0NH (VN\u0110\/ Trang) PHI\u00caN D\u1ecaCH Ti\u1ebfng Anh Ti\u1ebfng Vi\u1ec7t 53.000 48.000 65.000 58.000 90 USD \/ 8h Ti\u1ebfng Vi\u1ec7t Ti\u1ebfng Anh 58.000 52.000 68.000 62.000 90 USD \/ 8h Ti\u1ebfng Trung Ti\u1ebfng Vi\u1ec7t 67.000 60.000 77.000 70.000 90 [&hellip;]","og_url":"https:\/\/dichthuataau.com\/en\/bang-gia-dich-thuat\/","og_site_name":"D\u1ecbch thu\u1eadt \u00c1 \u00c2u","article_modified_time":"2026-03-10T03:08:41+00:00","twitter_card":"summary_large_image","twitter_misc":{"Est. reading time":"4 minutes"},"schema":{"@context":"https:\/\/schema.org","@graph":[{"@type":"WebPage","@id":"https:\/\/dichthuataau.com\/bang-gia-dich-thuat\/","url":"https:\/\/dichthuataau.com\/bang-gia-dich-thuat\/","name":"B\u1ea3ng gi\u00e1 - D\u1ecbch thu\u1eadt \u00c1 \u00c2u","isPartOf":{"@id":"https:\/\/dichthuataau.com\/#website"},"datePublished":"2022-12-15T16:06:01+00:00","dateModified":"2026-03-10T03:08:41+00:00","breadcrumb":{"@id":"https:\/\/dichthuataau.com\/bang-gia-dich-thuat\/#breadcrumb"},"inLanguage":"en-US","potentialAction":[{"@type":"ReadAction","target":["https:\/\/dichthuataau.com\/bang-gia-dich-thuat\/"]}]},{"@type":"BreadcrumbList","@id":"https:\/\/dichthuataau.com\/bang-gia-dich-thuat\/#breadcrumb","itemListElement":[{"@type":"ListItem","position":1,"name":"Trang ch\u1ee7","item":"https:\/\/dichthuataau.com\/"},{"@type":"ListItem","position":2,"name":"B\u1ea3ng gi\u00e1"}]},{"@type":"WebSite","@id":"https:\/\/dichthuataau.com\/#website","url":"https:\/\/dichthuataau.com\/","name":"D\u1ecbch thu\u1eadt \u00c1 \u00c2u","description":"","potentialAction":[{"@type":"SearchAction","target":{"@type":"EntryPoint","urlTemplate":"https:\/\/dichthuataau.com\/?s={search_term_string}"},"query-input":{"@type":"PropertyValueSpecification","valueRequired":true,"valueName":"search_term_string"}}],"inLanguage":"en-US"}]}},"_links":{"self":[{"href":"https:\/\/dichthuataau.com\/en\/wp-json\/wp\/v2\/pages\/9530","targetHints":{"allow":["GET"]}}],"collection":[{"href":"https:\/\/dichthuataau.com\/en\/wp-json\/wp\/v2\/pages"}],"about":[{"href":"https:\/\/dichthuataau.com\/en\/wp-json\/wp\/v2\/types\/page"}],"author":[{"embeddable":true,"href":"https:\/\/dichthuataau.com\/en\/wp-json\/wp\/v2\/users\/1"}],"replies":[{"embeddable":true,"href":"https:\/\/dichthuataau.com\/en\/wp-json\/wp\/v2\/comments?post=9530"}],"version-history":[{"count":193,"href":"https:\/\/dichthuataau.com\/en\/wp-json\/wp\/v2\/pages\/9530\/revisions"}],"predecessor-version":[{"id":12804,"href":"https:\/\/dichthuataau.com\/en\/wp-json\/wp\/v2\/pages\/9530\/revisions\/12804"}],"wp:attachment":[{"href":"https:\/\/dichthuataau.com\/en\/wp-json\/wp\/v2\/media?parent=9530"}],"curies":[{"name":"wp","href":"https:\/\/api.w.org\/{rel}","templated":true}]}}